{"id":6496,"date":"2021-05-18T20:35:53","date_gmt":"2021-05-18T18:35:53","guid":{"rendered":"https:\/\/dev.wormsasbl.org\/mentions-legales-cookies\/"},"modified":"2025-11-04T09:31:12","modified_gmt":"2025-11-04T08:31:12","slug":"wettelijke-vermeldingen-cookies","status":"publish","type":"page","link":"https:\/\/www.wormsasbl.org\/nl\/wettelijke-vermeldingen-cookies\/","title":{"rendered":"wettelijke vermeldingen &#038; cookies"},"content":{"rendered":"\t\t<div data-elementor-type=\"wp-page\" data-elementor-id=\"6496\" class=\"elementor elementor-6496 elementor-3247\" data-elementor-post-type=\"page\">\n\t\t\t\t\t\t<section class=\"elementor-section elementor-top-section elementor-element elementor-element-1930665 elementor-section-boxed elementor-section-height-default elementor-section-height-default\" data-id=\"1930665\" data-element_type=\"section\" data-e-type=\"section\">\n\t\t\t\t\t\t<div class=\"elementor-container elementor-column-gap-default\">\n\t\t\t\t\t<div class=\"elementor-column elementor-col-100 elementor-top-column elementor-element elementor-element-4a3a20a\" data-id=\"4a3a20a\" data-element_type=\"column\" data-e-type=\"column\">\n\t\t\t<div class=\"elementor-widget-wrap elementor-element-populated\">\n\t\t\t\t\t\t<div class=\"elementor-element elementor-element-853b997 elementor-widget elementor-widget-heading\" data-id=\"853b997\" data-element_type=\"widget\" data-e-type=\"widget\" data-widget_type=\"heading.default\">\n\t\t\t\t<div class=\"elementor-widget-container\">\n\t\t\t\t\t<h2 class=\"elementor-heading-title elementor-size-default\">WETTELIJKE INFORMATIE EN COOKIES<\/h2>\t\t\t\t<\/div>\n\t\t\t\t<\/div>\n\t\t\t\t<div class=\"elementor-element elementor-element-7221084 elementor-widget elementor-widget-text-editor\" data-id=\"7221084\" data-element_type=\"widget\" data-e-type=\"widget\" data-widget_type=\"text-editor.default\">\n\t\t\t\t<div class=\"elementor-widget-container\">\n\t\t\t\t\t\t\t\t\t<table border=\"0\"><tbody><tr><td>Contact :<\/td><td>WORMS vzw<\/td><\/tr><tr><td>TVA :<\/td><td>BE0807 234 295<\/td><\/tr><tr><td>Stad<\/td><td>1190\u00a0 Vorst<\/td><\/tr><tr><td>Land :<\/td><td>Belgi\u00eb<\/td><\/tr><tr><td>E-mail :<\/td><td><a href=\"mailto:info@wormsasbl.org\">info@wormsasbl.org<\/a><\/td><\/tr><tr><td>Website :<\/td><td>http:\/\/www.wormsasbl.org<\/td><\/tr><tr><td>Telefoon:<\/td><td>0471\/65.71.24\u00a0<\/td><\/tr><\/tbody><\/table><p><strong>GEBRUIKSVOORWAARDEN VAN DE WEBSITE WORMSASBL.ORG<\/strong><\/p><p>Deze website is de etalage van WORMS vzw. Het is gericht op de bevordering van de terugwinning van organisch afval en het beheer ervan op lokaal niveau. Het gebruik van de informatie op deze site is toegestaan en wordt zelfs aangemoedigd, op voorwaarde dat WORMS vzw als bron wordt vermeld en dat de hieronder vermelde gebruiksvoorwaarden worden nageleefd.<\/p><p>WORMS vzw draagt er zorg voor dat de informatie op haar site zo correct en actueel mogelijk is. WORMS vzw kan echter niet verantwoordelijk worden gesteld voor eventuele fouten die op de site kunnen worden aangetroffen.<\/p><p>WMS vzw streeft naar een maximale en continue beschikbaarheid van haar website. WORMS vzw is echter niet immuun voor technische storingen en wijst alle verantwoordelijkheid af in geval van onbeschikbaarheid van de website, ongeacht de duur ervan.<\/p><p><strong>BESCHERMING VAN PERSOONSGEGEVENS<\/strong><\/p><p>Elk formulier beperkt het verzamelen van persoonsgegevens tot het strikt noodzakelijke en geeft duidelijk aan :<\/p><ul><li>het doel waarvoor de gegevens worden verzameld (doel);<\/li><li>of deze gegevens verplicht of facultatief zijn voor het beheer van uw verzoek;<\/li><li>De gegevens die in het kader van de formulieren op deze site worden ontvangen, worden door WORMS vzw bewaard, maar worden uitsluitend gebruikt om aan het verzoek dat is gedaan te voldoen.<\/li><\/ul><p>Indien de gegevensverwerking op uw toestemming is gebaseerd, kunt u deze te allen tijde intrekken, onverminderd de eerder uitgevoerde verwerking.<\/p><p>U kunt uw gegevens inzien, een kopie vragen, rectificeren en verwijderen door contact op te nemen met WORMS vzw, de verantwoordelijke voor de verwerking:<\/p><ul><li>per e-mail: info@wormsasbl.org<\/li><li>per brievenpost naar :<br \/>WORMS asbl<br \/>Lusambostraat, 53<br \/>1190 Vorst<\/li><\/ul><p><strong>COOKIE BELEID<\/strong><\/p><p>In dit cookiebeleid wordt uitgelegd wat cookies zijn, welke cookies we gebruiken en hoe we ze gebruiken. U kunt uw toestemming voor het gebruik van cookies op onze site te allen tijde wijzigen of intrekken. Uw toestemming is momenteel van toepassing op de domeinnaam: www.wormsasbl.org<\/p><p><strong>Wat zijn cookies?<\/strong><\/p><p>Cookies zijn kleine tekstbestanden die op uw computer of apparaat worden opgeslagen wanneer de website in uw browser wordt geladen. Dankzij deze cookies kan de website veiliger functioneren en een betere gebruikerservaring bieden, met name door de analyse van surfstatistieken.<\/p><p><strong>Welke soorten cookies gebruiken wij?<\/strong><\/p><p>Wij gebruiken zowel eigen cookies als cookies van derden.<\/p><ul><li>Eigen cookies zijn voor het grootste deel noodzakelijk voor de goede werking van de site. Zij verzamelen geen persoonlijk identificeerbare gegevens.<\/li><li>Cookies van derden worden gebruikt om te begrijpen hoe bezoekers zich gedragen op de site en om de gebruikerservaring te verbeteren.<\/li><\/ul><p>De cookies die op deze website worden gebruikt, zijn als volgt gecategoriseerd:<\/p><ul><li><strong>Noodzakelijk<\/strong>: Noodzakelijke cookies zorgen ervoor dat de site goed kan functioneren. Het uitschakelen ervan, bijvoorbeeld via de browser, kan ertoe leiden dat de site niet naar behoren functioneert.<\/li><li><strong>Statistisch<\/strong>: Statistische cookies worden gegenereerd door Google Analytics en maken het mogelijk anonieme bezoekersinformatie op te slaan.<\/li><li><strong>Niet gecategoriseerd<\/strong>: Momenteel niet gecategoriseerd door de cookie-uitgevers.<\/li><li><strong>Reclame<\/strong>: hier worden reclamecookies gegenereerd door Facebook.<\/li><\/ul><p><strong>Lijst van gebruikte cookies<\/strong><\/p><p>Het surfen op de website gaat gepaard met het gebruik van de volgende cookies:<\/p><table width=\"1080\"><thead><tr><td width=\"229\"><p><strong>Naam<\/strong><\/p><\/td><td width=\"114\"><p><strong>Soort cookies<\/strong><\/p><\/td><td width=\"180\"><p><strong>Houdbaarheidsperiode<\/strong><\/p><\/td><td width=\"557\"><p><strong>Doelstelling<\/strong><\/p><\/td><\/tr><tr><td width=\"229\">\u00a0<\/td><td width=\"114\">\u00a0<\/td><td width=\"180\">\u00a0<\/td><td width=\"557\">\u00a0<\/td><\/tr><\/thead><tbody><tr><td><p>CookieConsent<\/p><\/td><td><p>Vereist<\/p><\/td><td><p>1 jaar<\/p><\/td><td><p>Slaat de toestemming van de gebruiker op om cookies te gebruiken voor het huidige domein<\/p><\/td><\/tr><tr><td><p>wordpress_test_cookie<\/p><\/td><td><p>Vereist<\/p><\/td><td><p>Sessie<\/p><\/td><td><p>Controleer of de browser cookies accepteert.<\/p><\/td><\/tr><tr><td><p>wp-settings-{user_id}<\/p><\/td><td><p>Vereist<\/p><\/td><td><p>1 jaar<\/p><\/td><td><p>Wordt gebruikt voor de persistentie van de wp-admin configuratie van een gebruiker. (alleen ingelogde gebruiker)<\/p><\/td><\/tr><tr><td><p>wordpress_logged_in &amp; wordpress_sec<\/p><\/td><td><p>Vereist<\/p><\/td><td><p>14 dagen als u &#8220;Onthoud mij&#8221; selecteert wanneer u inlogt. Anders, de duur van de sessie.<\/p><\/td><td><p>Wordt gebruikt om te controleren of de huidige bezoeker is ingelogd als gebruiker. (alleen ingelogde gebruiker)<\/p><\/td><\/tr><tr><td><p>_ga<\/p><\/td><td><p>Statistieken<\/p><\/td><td><p>2 jaar<\/p><\/td><td><p>Deze cookie wordt geplaatst door Google Analytics. Het wordt gebruikt om gebruikers te onderscheiden, hun sessie te berekenen en hun gebruik op de website bij te houden. Deze cookie slaat anonieme informatie op en kent een willekeurig gegenereerd nummer toe om elke bezoeker te identificeren<\/p><\/td><\/tr><tr><td><p>_gat<\/p><\/td><td><p>Statistieken<\/p><\/td><td><p>1 minute<\/p><\/td><td><p>Deze cookie wordt ingesteld door Google Universal Analytics om het aantal verzoeken te beperken en zo het verzamelen van gegevens op sites met veel verkeer te beperken.<\/p><\/td><\/tr><tr><td><p>_gid<\/p><\/td><td><p>Statistieken<\/p><\/td><td><p>1 dag<\/p><\/td><td><p>Deze cookie wordt geplaatst door Google Analytics. De cookie wordt gebruikt om informatie op te slaan over hoe bezoekers de website gebruiken en om statistische rapporten op te stellen. De verzamelde gegevens omvatten het aantal bezoekers, de bron van hun bezoek en de bezochte pagina&#8217;s op een anonieme manier.<\/p><\/td><\/tr><tr><td><p>_gat_gtag_UA_125343230_1<\/p><\/td><td><p>Statistieken<\/p><\/td><td><p>1 minute<\/p><\/td><td><p>Deze cookie wordt geplaatst door Google Analytics. Het wordt gebruikt om gebruikers van de site te onderscheiden.<\/p><\/td><\/tr><\/tbody><\/table><p><strong>Hoe kunt u uw cookievoorkeuren beheren?<\/strong><\/p><p>U kunt uw voorkeuren beheren door te klikken op het kleine groene tabblad &#8220;Cookies&#8221; in de rechterbenedenhoek van de website.\u00a0<\/p><p>Wanneer de cookie-meldingsbanner wordt weergegeven, kunt u klikken op :<\/p><ul><li><strong>Aanvaarden<\/strong> : dit heeft tot gevolg dat het gebruik van alle cookies wordt gevalideerd;<\/li><li><strong>Weigeren<\/strong>: dit heeft tot gevolg dat het gebruik van alle cookies wordt geblokkeerd;<\/li><li><strong>Instellingen<\/strong>: hiermee kunt u de gewenste of ongewenste cookie-categorie\u00ebn activeren of deactiveren.<\/li><\/ul><p><strong>Intellectuele eigendomsrechten<\/strong><\/p><p>Overeenkomstig de bepalingen van de wet van 30 juni 1994 betreffende het auteursrecht en de naburige rechten, hebt u het recht om de informatie op deze site voor persoonlijk gebruik te downloaden en te reproduceren.<\/p><p>Leefmilieu Brussel behoudt zich alle intellectuele eigendomsrechten voor op de site en op de informatie die er ter beschikking wordt gesteld, met name de foto&#8217;s en kaarten.<\/p><p>Wij willen uw aandacht vestigen op het feit dat de merken en logo&#8217;s die op onze site worden gebruikt, worden gebruikt met toestemming van hun eigenaars. Deze kunnen worden beschermd door eigendomsrechten. Daarom mogen zij niet worden gebruikt zonder toestemming van hun eigenaars.<\/p>\t\t\t\t\t\t\t\t<\/div>\n\t\t\t\t<\/div>\n\t\t\t\t\t<\/div>\n\t\t<\/div>\n\t\t\t\t\t<\/div>\n\t\t<\/section>\n\t\t\t\t<\/div>\n\t\t","protected":false},"excerpt":{"rendered":"<p>WETTELIJKE INFORMATIE EN COOKIES Contact : WORMS vzw TVA : BE0807 234 295 Stad 1190\u00a0 Vorst Land : Belgi\u00eb E-mail : info@wormsasbl.org Website : http:\/\/www.wormsasbl.org Telefoon: 0471\/65.71.24\u00a0 GEBRUIKSVOORWAARDEN VAN DE [&hellip;]<\/p>\n","protected":false},"author":44,"featured_media":0,"parent":0,"menu_order":0,"comment_status":"closed","ping_status":"closed","template":"","meta":{"_bbp_topic_count":0,"_bbp_reply_count":0,"_bbp_total_topic_count":0,"_bbp_total_reply_count":0,"_bbp_voice_count":0,"_bbp_anonymous_reply_count":0,"_bbp_topic_count_hidden":0,"_bbp_reply_count_hidden":0,"_bbp_forum_subforum_count":0,"site-sidebar-layout":"no-sidebar","site-content-layout":"page-builder","ast-site-content-layout":"default","site-content-style":"default","site-sidebar-style":"default","ast-global-header-display":"","ast-banner-title-visibility":"","ast-main-header-display":"","ast-hfb-above-header-display":"","ast-hfb-below-header-display":"","ast-hfb-mobile-header-display":"","site-post-title":"disabled","ast-breadcrumbs-content":"","ast-featured-img":"disabled","footer-sml-layout":"","ast-disable-related-posts":"","theme-transparent-header-meta":"default","adv-header-id-meta":"","stick-header-meta":"","header-above-stick-meta":"","header-main-stick-meta":"","header-below-stick-meta":"","astra-migrate-meta-layouts":"default","ast-page-background-enabled":"default","ast-page-background-meta":{"desktop":{"background-color":"","background-image":"","background-repeat":"repeat","background-position":"center center","background-size":"auto","background-attachment":"scroll","background-type":"","background-media":"","overlay-type":"","overlay-color":"","overlay-opacity":"","overlay-gradient":""},"tablet":{"background-color":"","background-image":"","background-repeat":"repeat","background-position":"center center","background-size":"auto","background-attachment":"scroll","background-type":"","background-media":"","overlay-type":"","overlay-color":"","overlay-opacity":"","overlay-gradient":""},"mobile":{"background-color":"","background-image":"","background-repeat":"repeat","background-position":"center center","background-size":"auto","background-attachment":"scroll","background-type":"","background-media":"","overlay-type":"","overlay-color":"","overlay-opacity":"","overlay-gradient":""}},"ast-content-background-meta":{"desktop":{"background-color":"var(--ast-global-color-5)","background-image":"","background-repeat":"repeat","background-position":"center center","background-size":"auto","background-attachment":"scroll","background-type":"","background-media":"","overlay-type":"","overlay-color":"","overlay-opacity":"","overlay-gradient":""},"tablet":{"background-color":"var(--ast-global-color-5)","background-image":"","background-repeat":"repeat","background-position":"center center","background-size":"auto","background-attachment":"scroll","background-type":"","background-media":"","overlay-type":"","overlay-color":"","overlay-opacity":"","overlay-gradient":""},"mobile":{"background-color":"var(--ast-global-color-5)","background-image":"","background-repeat":"repeat","background-position":"center center","background-size":"auto","background-attachment":"scroll","background-type":"","background-media":"","overlay-type":"","overlay-color":"","overlay-opacity":"","overlay-gradient":""}},"footnotes":""},"class_list":["post-6496","page","type-page","status-publish","hentry"],"yoast_head":"<!-- This site is optimized with the Yoast SEO plugin v27.4 - https:\/\/yoast.com\/product\/yoast-seo-wordpress\/ -->\n<title>wettelijke vermeldingen &amp; cookies | WORMS asbl<\/title>\n<meta name=\"robots\" content=\"index, follow, max-snippet:-1, max-image-preview:large, max-video-preview:-1\" \/>\n<link rel=\"canonical\" href=\"https:\/\/www.wormsasbl.org\/nl\/wettelijke-vermeldingen-cookies\/\" \/>\n<meta property=\"og:locale\" content=\"nl_NL\" \/>\n<meta property=\"og:type\" content=\"article\" \/>\n<meta property=\"og:title\" content=\"wettelijke vermeldingen &amp; cookies | WORMS asbl\" \/>\n<meta property=\"og:description\" content=\"WETTELIJKE INFORMATIE EN COOKIES Contact : WORMS vzw TVA : BE0807 234 295 Stad 1190\u00a0 Vorst Land : Belgi\u00eb E-mail : info@wormsasbl.org Website : http:\/\/www.wormsasbl.org Telefoon: 0471\/65.71.24\u00a0 GEBRUIKSVOORWAARDEN VAN DE [&hellip;]\" \/>\n<meta property=\"og:url\" content=\"https:\/\/www.wormsasbl.org\/nl\/wettelijke-vermeldingen-cookies\/\" \/>\n<meta property=\"og:site_name\" content=\"WORMS asbl\" \/>\n<meta property=\"article:publisher\" content=\"https:\/\/www.facebook.com\/WORMSasbl\/\" \/>\n<meta property=\"article:modified_time\" content=\"2025-11-04T08:31:12+00:00\" \/>\n<meta property=\"og:image\" content=\"https:\/\/www.wormsasbl.org\/wp-content\/uploads\/2023\/04\/Logo-Worms.png\" \/>\n\t<meta property=\"og:image:width\" content=\"1008\" \/>\n\t<meta property=\"og:image:height\" content=\"258\" \/>\n\t<meta property=\"og:image:type\" content=\"image\/png\" \/>\n<meta name=\"twitter:card\" content=\"summary_large_image\" \/>\n<meta name=\"twitter:label1\" content=\"Geschatte leestijd\" \/>\n\t<meta name=\"twitter:data1\" content=\"5 minuten\" \/>\n<script type=\"application\/ld+json\" class=\"yoast-schema-graph\">{\"@context\":\"https:\\\/\\\/schema.org\",\"@graph\":[{\"@type\":\"WebPage\",\"@id\":\"https:\\\/\\\/www.wormsasbl.org\\\/nl\\\/wettelijke-vermeldingen-cookies\\\/\",\"url\":\"https:\\\/\\\/www.wormsasbl.org\\\/nl\\\/wettelijke-vermeldingen-cookies\\\/\",\"name\":\"wettelijke vermeldingen & cookies | WORMS asbl\",\"isPartOf\":{\"@id\":\"https:\\\/\\\/www.wormsasbl.org\\\/#website\"},\"datePublished\":\"2021-05-18T18:35:53+00:00\",\"dateModified\":\"2025-11-04T08:31:12+00:00\",\"breadcrumb\":{\"@id\":\"https:\\\/\\\/www.wormsasbl.org\\\/nl\\\/wettelijke-vermeldingen-cookies\\\/#breadcrumb\"},\"inLanguage\":\"nl-NL\",\"potentialAction\":[{\"@type\":\"ReadAction\",\"target\":[\"https:\\\/\\\/www.wormsasbl.org\\\/nl\\\/wettelijke-vermeldingen-cookies\\\/\"]}]},{\"@type\":\"BreadcrumbList\",\"@id\":\"https:\\\/\\\/www.wormsasbl.org\\\/nl\\\/wettelijke-vermeldingen-cookies\\\/#breadcrumb\",\"itemListElement\":[{\"@type\":\"ListItem\",\"position\":1,\"name\":\"Accueil\",\"item\":\"https:\\\/\\\/www.wormsasbl.org\\\/\"},{\"@type\":\"ListItem\",\"position\":2,\"name\":\"wettelijke vermeldingen &#038; cookies\"}]},{\"@type\":\"WebSite\",\"@id\":\"https:\\\/\\\/www.wormsasbl.org\\\/#website\",\"url\":\"https:\\\/\\\/www.wormsasbl.org\\\/\",\"name\":\"WORMS asbl\",\"description\":\"\u00c0 vos c\u00f4t\u00e9s pour composter\",\"publisher\":{\"@id\":\"https:\\\/\\\/www.wormsasbl.org\\\/#organization\"},\"potentialAction\":[{\"@type\":\"SearchAction\",\"target\":{\"@type\":\"EntryPoint\",\"urlTemplate\":\"https:\\\/\\\/www.wormsasbl.org\\\/?s={search_term_string}\"},\"query-input\":{\"@type\":\"PropertyValueSpecification\",\"valueRequired\":true,\"valueName\":\"search_term_string\"}}],\"inLanguage\":\"nl-NL\"},{\"@type\":\"Organization\",\"@id\":\"https:\\\/\\\/www.wormsasbl.org\\\/#organization\",\"name\":\"WORMS asbl\",\"url\":\"https:\\\/\\\/www.wormsasbl.org\\\/\",\"logo\":{\"@type\":\"ImageObject\",\"inLanguage\":\"nl-NL\",\"@id\":\"https:\\\/\\\/www.wormsasbl.org\\\/#\\\/schema\\\/logo\\\/image\\\/\",\"url\":\"https:\\\/\\\/www.wormsasbl.org\\\/wp-content\\\/uploads\\\/2023\\\/04\\\/Logo-Worms.png\",\"contentUrl\":\"https:\\\/\\\/www.wormsasbl.org\\\/wp-content\\\/uploads\\\/2023\\\/04\\\/Logo-Worms.png\",\"width\":1008,\"height\":258,\"caption\":\"WORMS asbl\"},\"image\":{\"@id\":\"https:\\\/\\\/www.wormsasbl.org\\\/#\\\/schema\\\/logo\\\/image\\\/\"},\"sameAs\":[\"https:\\\/\\\/www.facebook.com\\\/WORMSasbl\\\/\",\"https:\\\/\\\/www.linkedin.com\\\/company\\\/worms-asbl\\\/\",\"https:\\\/\\\/www.youtube.com\\\/user\\\/wormsasbl\"]}]}<\/script>\n<!-- \/ Yoast SEO plugin. -->","yoast_head_json":{"title":"wettelijke vermeldingen & cookies | WORMS asbl","robots":{"index":"index","follow":"follow","max-snippet":"max-snippet:-1","max-image-preview":"max-image-preview:large","max-video-preview":"max-video-preview:-1"},"canonical":"https:\/\/www.wormsasbl.org\/nl\/wettelijke-vermeldingen-cookies\/","og_locale":"nl_NL","og_type":"article","og_title":"wettelijke vermeldingen & cookies | WORMS asbl","og_description":"WETTELIJKE INFORMATIE EN COOKIES Contact : WORMS vzw TVA : BE0807 234 295 Stad 1190\u00a0 Vorst Land : Belgi\u00eb E-mail : info@wormsasbl.org Website : http:\/\/www.wormsasbl.org Telefoon: 0471\/65.71.24\u00a0 GEBRUIKSVOORWAARDEN VAN DE [&hellip;]","og_url":"https:\/\/www.wormsasbl.org\/nl\/wettelijke-vermeldingen-cookies\/","og_site_name":"WORMS asbl","article_publisher":"https:\/\/www.facebook.com\/WORMSasbl\/","article_modified_time":"2025-11-04T08:31:12+00:00","og_image":[{"width":1008,"height":258,"url":"https:\/\/www.wormsasbl.org\/wp-content\/uploads\/2023\/04\/Logo-Worms.png","type":"image\/png"}],"twitter_card":"summary_large_image","twitter_misc":{"Geschatte leestijd":"5 minuten"},"schema":{"@context":"https:\/\/schema.org","@graph":[{"@type":"WebPage","@id":"https:\/\/www.wormsasbl.org\/nl\/wettelijke-vermeldingen-cookies\/","url":"https:\/\/www.wormsasbl.org\/nl\/wettelijke-vermeldingen-cookies\/","name":"wettelijke vermeldingen & cookies | WORMS asbl","isPartOf":{"@id":"https:\/\/www.wormsasbl.org\/#website"},"datePublished":"2021-05-18T18:35:53+00:00","dateModified":"2025-11-04T08:31:12+00:00","breadcrumb":{"@id":"https:\/\/www.wormsasbl.org\/nl\/wettelijke-vermeldingen-cookies\/#breadcrumb"},"inLanguage":"nl-NL","potentialAction":[{"@type":"ReadAction","target":["https:\/\/www.wormsasbl.org\/nl\/wettelijke-vermeldingen-cookies\/"]}]},{"@type":"BreadcrumbList","@id":"https:\/\/www.wormsasbl.org\/nl\/wettelijke-vermeldingen-cookies\/#breadcrumb","itemListElement":[{"@type":"ListItem","position":1,"name":"Accueil","item":"https:\/\/www.wormsasbl.org\/"},{"@type":"ListItem","position":2,"name":"wettelijke vermeldingen &#038; cookies"}]},{"@type":"WebSite","@id":"https:\/\/www.wormsasbl.org\/#website","url":"https:\/\/www.wormsasbl.org\/","name":"WORMS asbl","description":"\u00c0 vos c\u00f4t\u00e9s pour composter","publisher":{"@id":"https:\/\/www.wormsasbl.org\/#organization"},"potentialAction":[{"@type":"SearchAction","target":{"@type":"EntryPoint","urlTemplate":"https:\/\/www.wormsasbl.org\/?s={search_term_string}"},"query-input":{"@type":"PropertyValueSpecification","valueRequired":true,"valueName":"search_term_string"}}],"inLanguage":"nl-NL"},{"@type":"Organization","@id":"https:\/\/www.wormsasbl.org\/#organization","name":"WORMS asbl","url":"https:\/\/www.wormsasbl.org\/","logo":{"@type":"ImageObject","inLanguage":"nl-NL","@id":"https:\/\/www.wormsasbl.org\/#\/schema\/logo\/image\/","url":"https:\/\/www.wormsasbl.org\/wp-content\/uploads\/2023\/04\/Logo-Worms.png","contentUrl":"https:\/\/www.wormsasbl.org\/wp-content\/uploads\/2023\/04\/Logo-Worms.png","width":1008,"height":258,"caption":"WORMS asbl"},"image":{"@id":"https:\/\/www.wormsasbl.org\/#\/schema\/logo\/image\/"},"sameAs":["https:\/\/www.facebook.com\/WORMSasbl\/","https:\/\/www.linkedin.com\/company\/worms-asbl\/","https:\/\/www.youtube.com\/user\/wormsasbl"]}]}},"_links":{"self":[{"href":"https:\/\/www.wormsasbl.org\/nl\/wp-json\/wp\/v2\/pages\/6496","targetHints":{"allow":["GET"]}}],"collection":[{"href":"https:\/\/www.wormsasbl.org\/nl\/wp-json\/wp\/v2\/pages"}],"about":[{"href":"https:\/\/www.wormsasbl.org\/nl\/wp-json\/wp\/v2\/types\/page"}],"author":[{"embeddable":true,"href":"https:\/\/www.wormsasbl.org\/nl\/wp-json\/wp\/v2\/users\/44"}],"replies":[{"embeddable":true,"href":"https:\/\/www.wormsasbl.org\/nl\/wp-json\/wp\/v2\/comments?post=6496"}],"version-history":[{"count":3,"href":"https:\/\/www.wormsasbl.org\/nl\/wp-json\/wp\/v2\/pages\/6496\/revisions"}],"predecessor-version":[{"id":32958,"href":"https:\/\/www.wormsasbl.org\/nl\/wp-json\/wp\/v2\/pages\/6496\/revisions\/32958"}],"wp:attachment":[{"href":"https:\/\/www.wormsasbl.org\/nl\/wp-json\/wp\/v2\/media?parent=6496"}],"curies":[{"name":"wp","href":"https:\/\/api.w.org\/{rel}","templated":true}]}}