{"id":6450,"date":"2021-04-25T22:16:18","date_gmt":"2021-04-25T20:16:18","guid":{"rendered":"https:\/\/dev.wormsasbl.org\/formation-recycler-mes-epluchures\/"},"modified":"2025-09-10T15:03:59","modified_gmt":"2025-09-10T13:03:59","slug":"opleiding-mijn-schillen-recyclen","status":"publish","type":"page","link":"https:\/\/www.wormsasbl.org\/nl\/opleiding-mijn-schillen-recyclen\/","title":{"rendered":"Opleiding: Mijn schillen recyclen"},"content":{"rendered":"\t\t<div data-elementor-type=\"wp-page\" data-elementor-id=\"6450\" class=\"elementor elementor-6450 elementor-2250\" data-elementor-post-type=\"page\">\n\t\t\t\t\t\t<section class=\"elementor-section elementor-top-section elementor-element elementor-element-526ac6e elementor-section-boxed elementor-section-height-default elementor-section-height-default\" data-id=\"526ac6e\" data-element_type=\"section\" data-e-type=\"section\">\n\t\t\t\t\t\t<div class=\"elementor-container elementor-column-gap-default\">\n\t\t\t\t\t<div class=\"elementor-column elementor-col-50 elementor-top-column elementor-element elementor-element-b3d406c\" data-id=\"b3d406c\" data-element_type=\"column\" data-e-type=\"column\">\n\t\t\t<div class=\"elementor-widget-wrap elementor-element-populated\">\n\t\t\t\t\t\t<div class=\"elementor-element elementor-element-24b2446 elementor-widget elementor-widget-heading\" data-id=\"24b2446\" data-element_type=\"widget\" data-e-type=\"widget\" data-widget_type=\"heading.default\">\n\t\t\t\t<div class=\"elementor-widget-container\">\n\t\t\t\t\t<h1 class=\"elementor-heading-title elementor-size-default\">Opleiding: Mijn schillen recycleren, ja maar hoe?<\/h1>\t\t\t\t<\/div>\n\t\t\t\t<\/div>\n\t\t\t\t<div class=\"elementor-element elementor-element-9b3b857 elementor-widget elementor-widget-heading\" data-id=\"9b3b857\" data-element_type=\"widget\" data-e-type=\"widget\" data-widget_type=\"heading.default\">\n\t\t\t\t<div class=\"elementor-widget-container\">\n\t\t\t\t\t<h2 class=\"elementor-heading-title elementor-size-default\">Welke techniek kiezen? Welke techniek past bij u?\n<\/h2>\t\t\t\t<\/div>\n\t\t\t\t<\/div>\n\t\t\t\t<div class=\"elementor-element elementor-element-7c82b58 elementor-widget elementor-widget-text-editor\" data-id=\"7c82b58\" data-element_type=\"widget\" data-e-type=\"widget\" data-widget_type=\"text-editor.default\">\n\t\t\t\t<div class=\"elementor-widget-container\">\n\t\t\t\t\t\t\t\t\t<p>Er zijn veel manieren om organisch materiaal te recycleren, afhankelijk van het soort materiaal, het volume en de beschikbare oppervlakte, de noden en de gewoontes.&nbsp;<span style=\"font-size: 16px;\">Denk bijvoorbeeld aan composteren buiten of binnen, collectief of individueel, wormencompostering (vermicompostering), bokashi, kippen en nog veel meer.<\/span><\/p>\n<p>In&nbsp;<strong>2,5 uur <\/strong>krijgt u een overzicht van de verschillende mogelijke technieken, opdat u kan uitzoeken welke oplossing het beste bij u past.&nbsp;<\/p>\n<p><strong>Er is geen voorkennis vereist.&nbsp;<\/strong><span style=\"font-size: 16px;\">Deze opleiding geeft je de nodige kennis om te beginnen met composteren of je composteertechniek te verbeteren.<\/span><\/p>\n<p>Op het programma:<\/p>\n<ul>\n<li><span style=\"font-size: 16px;\">Waarom, hoe en wat composteren<\/span><\/li>\n<li>De verschillende technieken afhankelijk van de hoeveelheid en het type organisch materiaal en de beschikbare ruimte<\/li>\n<li>De eigenschappen en het gebruik van rijpe compost<\/li>\n<li>Observatie van een compost in werking<\/li>\n<li>Spel over het sorteren van materialen<\/li>\n<li>Vragen\/antwoorden<\/li>\n<\/ul>\n<p>Kijk op onze <a href=\"https:\/\/www.wormsasbl.org\/nl\/nos-formations\/#calendrierdeformation\">kalender<\/a> voor de komende opleidingsdata.<\/p>\n<p>Als u op de hoogte wilt blijven van onze activiteiten, kunt u ook terecht op onze <a href=\"https:\/\/www.facebook.com\/WORMSasbl\" target=\"_blank\" rel=\"noopener\">Facebookpagina<\/a>.<\/p>\t\t\t\t\t\t\t\t<\/div>\n\t\t\t\t<\/div>\n\t\t\t\t\t<\/div>\n\t\t<\/div>\n\t\t\t\t<div class=\"elementor-column elementor-col-50 elementor-top-column elementor-element elementor-element-1421f9e\" data-id=\"1421f9e\" data-element_type=\"column\" data-e-type=\"column\">\n\t\t\t<div class=\"elementor-widget-wrap elementor-element-populated\">\n\t\t\t\t\t\t<div class=\"elementor-element elementor-element-886e192 elementor-widget elementor-widget-image\" data-id=\"886e192\" data-element_type=\"widget\" data-e-type=\"widget\" data-widget_type=\"image.default\">\n\t\t\t\t<div class=\"elementor-widget-container\">\n\t\t\t\t\t\t\t\t\t\t\t\t\t\t\t<img fetchpriority=\"high\" decoding=\"async\" width=\"768\" height=\"687\" src=\"https:\/\/www.wormsasbl.org\/wp-content\/uploads\/2021\/05\/Formation-jardin-coupe\u0301-768x687.png\" class=\"attachment-medium_large size-medium_large wp-image-5873\" alt=\"\" srcset=\"https:\/\/www.wormsasbl.org\/wp-content\/uploads\/2021\/05\/Formation-jardin-coupe\u0301-768x687.png 768w, https:\/\/www.wormsasbl.org\/wp-content\/uploads\/2021\/05\/Formation-jardin-coupe\u0301-300x268.png 300w, https:\/\/www.wormsasbl.org\/wp-content\/uploads\/2021\/05\/Formation-jardin-coupe\u0301-1024x916.png 1024w, https:\/\/www.wormsasbl.org\/wp-content\/uploads\/2021\/05\/Formation-jardin-coupe\u0301-1536x1374.png 1536w, https:\/\/www.wormsasbl.org\/wp-content\/uploads\/2021\/05\/Formation-jardin-coupe\u0301-2048x1833.png 2048w, https:\/\/www.wormsasbl.org\/wp-content\/uploads\/2021\/05\/Formation-jardin-coupe\u0301-13x12.png 13w, https:\/\/www.wormsasbl.org\/wp-content\/uploads\/2021\/05\/Formation-jardin-coupe\u0301-168x150.png 168w, https:\/\/www.wormsasbl.org\/wp-content\/uploads\/2021\/05\/Formation-jardin-coupe\u0301-134x120.png 134w\" sizes=\"(max-width: 768px) 100vw, 768px\" \/>\t\t\t\t\t\t\t\t\t\t\t\t\t\t\t<\/div>\n\t\t\t\t<\/div>\n\t\t\t\t<div class=\"elementor-element elementor-element-0c54cd5 elementor-widget elementor-widget-image\" data-id=\"0c54cd5\" data-element_type=\"widget\" data-e-type=\"widget\" data-widget_type=\"image.default\">\n\t\t\t\t<div class=\"elementor-widget-container\">\n\t\t\t\t\t\t\t\t\t\t\t\t\t\t\t<img decoding=\"async\" width=\"1024\" height=\"683\" src=\"https:\/\/www.wormsasbl.org\/wp-content\/uploads\/2021\/01\/Vermi-1024x683.jpg\" class=\"attachment-large size-large wp-image-5476\" alt=\"Formation : Compost en int\u00e9rieur\" srcset=\"https:\/\/www.wormsasbl.org\/wp-content\/uploads\/2021\/01\/Vermi-1024x683.jpg 1024w, https:\/\/www.wormsasbl.org\/wp-content\/uploads\/2021\/01\/Vermi-300x200.jpg 300w, https:\/\/www.wormsasbl.org\/wp-content\/uploads\/2021\/01\/Vermi-768x512.jpg 768w, https:\/\/www.wormsasbl.org\/wp-content\/uploads\/2021\/01\/Vermi-1536x1024.jpg 1536w, https:\/\/www.wormsasbl.org\/wp-content\/uploads\/2021\/01\/Vermi-16x12.jpg 16w, https:\/\/www.wormsasbl.org\/wp-content\/uploads\/2021\/01\/Vermi.jpg 1920w\" sizes=\"(max-width: 1024px) 100vw, 1024px\" \/>\t\t\t\t\t\t\t\t\t\t\t\t\t\t\t<\/div>\n\t\t\t\t<\/div>\n\t\t\t\t\t<\/div>\n\t\t<\/div>\n\t\t\t\t\t<\/div>\n\t\t<\/section>\n\t\t\t\t<section class=\"elementor-section elementor-top-section elementor-element elementor-element-818d96d elementor-section-boxed elementor-section-height-default elementor-section-height-default\" data-id=\"818d96d\" data-element_type=\"section\" data-e-type=\"section\">\n\t\t\t\t\t\t<div class=\"elementor-container elementor-column-gap-default\">\n\t\t\t\t\t<div class=\"elementor-column elementor-col-100 elementor-top-column elementor-element elementor-element-2603c1c\" data-id=\"2603c1c\" data-element_type=\"column\" data-e-type=\"column\">\n\t\t\t<div class=\"elementor-widget-wrap elementor-element-populated\">\n\t\t\t\t\t\t<div class=\"elementor-element elementor-element-8753a44 elementor-widget elementor-widget-image-gallery\" data-id=\"8753a44\" data-element_type=\"widget\" data-e-type=\"widget\" data-widget_type=\"image-gallery.default\">\n\t\t\t\t<div class=\"elementor-widget-container\">\n\t\t\t\t\t\t\t<div class=\"elementor-image-gallery\">\n\t\t\t<div id='gallery-1' class='gallery galleryid-6450 gallery-columns-3 gallery-size-medium_large'><figure class='gallery-item'>\n\t\t\t<div class='gallery-icon landscape'>\n\t\t\t\t<a data-elementor-open-lightbox=\"yes\" data-elementor-lightbox-slideshow=\"8753a44\" data-elementor-lightbox-title=\"Bac-de\u0301chets frais\" data-e-action-hash=\"#elementor-action%3Aaction%3Dlightbox%26settings%3DeyJpZCI6NTg3NCwidXJsIjoiaHR0cHM6XC9cL3d3dy53b3Jtc2FzYmwub3JnXC93cC1jb250ZW50XC91cGxvYWRzXC8yMDIxXC8wNVwvQmFjLWRlXHUwMzAxY2hldHMtZnJhaXMuanBnIiwic2xpZGVzaG93IjoiODc1M2E0NCJ9\" href='https:\/\/www.wormsasbl.org\/wp-content\/uploads\/2021\/05\/Bac-de\u0301chets-frais.jpg'><img decoding=\"async\" width=\"768\" height=\"511\" src=\"https:\/\/www.wormsasbl.org\/wp-content\/uploads\/2021\/05\/Bac-de\u0301chets-frais-768x511.jpg\" class=\"attachment-medium_large size-medium_large\" alt=\"\" srcset=\"https:\/\/www.wormsasbl.org\/wp-content\/uploads\/2021\/05\/Bac-de\u0301chets-frais-768x511.jpg 768w, https:\/\/www.wormsasbl.org\/wp-content\/uploads\/2021\/05\/Bac-de\u0301chets-frais-300x200.jpg 300w, https:\/\/www.wormsasbl.org\/wp-content\/uploads\/2021\/05\/Bac-de\u0301chets-frais-1024x682.jpg 1024w, https:\/\/www.wormsasbl.org\/wp-content\/uploads\/2021\/05\/Bac-de\u0301chets-frais-120x80.jpg 120w, https:\/\/www.wormsasbl.org\/wp-content\/uploads\/2021\/05\/Bac-de\u0301chets-frais-1536x1022.jpg 1536w, https:\/\/www.wormsasbl.org\/wp-content\/uploads\/2021\/05\/Bac-de\u0301chets-frais-16x12.jpg 16w, https:\/\/www.wormsasbl.org\/wp-content\/uploads\/2021\/05\/Bac-de\u0301chets-frais-225x150.jpg 225w, https:\/\/www.wormsasbl.org\/wp-content\/uploads\/2021\/05\/Bac-de\u0301chets-frais-180x120.jpg 180w, https:\/\/www.wormsasbl.org\/wp-content\/uploads\/2021\/05\/Bac-de\u0301chets-frais.jpg 1920w\" sizes=\"(max-width: 768px) 100vw, 768px\" \/><\/a>\n\t\t\t<\/div><\/figure><figure class='gallery-item'>\n\t\t\t<div class='gallery-icon landscape'>\n\t\t\t\t<a data-elementor-open-lightbox=\"yes\" data-elementor-lightbox-slideshow=\"8753a44\" data-elementor-lightbox-title=\"Compost-phases\" data-e-action-hash=\"#elementor-action%3Aaction%3Dlightbox%26settings%3DeyJpZCI6NTg3NSwidXJsIjoiaHR0cHM6XC9cL3d3dy53b3Jtc2FzYmwub3JnXC93cC1jb250ZW50XC91cGxvYWRzXC8yMDIxXC8wNVwvQ29tcG9zdC1waGFzZXMuanBnIiwic2xpZGVzaG93IjoiODc1M2E0NCJ9\" href='https:\/\/www.wormsasbl.org\/wp-content\/uploads\/2021\/05\/Compost-phases.jpg'><img loading=\"lazy\" decoding=\"async\" width=\"768\" height=\"576\" src=\"https:\/\/www.wormsasbl.org\/wp-content\/uploads\/2021\/05\/Compost-phases-768x576.jpg\" class=\"attachment-medium_large size-medium_large\" alt=\"\" srcset=\"https:\/\/www.wormsasbl.org\/wp-content\/uploads\/2021\/05\/Compost-phases-768x576.jpg 768w, https:\/\/www.wormsasbl.org\/wp-content\/uploads\/2021\/05\/Compost-phases-300x225.jpg 300w, https:\/\/www.wormsasbl.org\/wp-content\/uploads\/2021\/05\/Compost-phases-1024x768.jpg 1024w, https:\/\/www.wormsasbl.org\/wp-content\/uploads\/2021\/05\/Compost-phases-16x12.jpg 16w, https:\/\/www.wormsasbl.org\/wp-content\/uploads\/2021\/05\/Compost-phases-200x150.jpg 200w, https:\/\/www.wormsasbl.org\/wp-content\/uploads\/2021\/05\/Compost-phases-160x120.jpg 160w, https:\/\/www.wormsasbl.org\/wp-content\/uploads\/2021\/05\/Compost-phases.jpg 1266w\" sizes=\"(max-width: 768px) 100vw, 768px\" \/><\/a>\n\t\t\t<\/div><\/figure>\n\t\t<\/div>\n\t\t<\/div>\n\t\t\t\t\t\t<\/div>\n\t\t\t\t<\/div>\n\t\t\t\t<div class=\"elementor-element elementor-element-0834900 elementor-position-left elementor-vertical-align-top elementor-widget elementor-widget-image-box\" data-id=\"0834900\" data-element_type=\"widget\" data-e-type=\"widget\" data-widget_type=\"image-box.default\">\n\t\t\t\t<div class=\"elementor-widget-container\">\n\t\t\t\t\t<div class=\"elementor-image-box-wrapper\"><figure class=\"elementor-image-box-img\"><img loading=\"lazy\" decoding=\"async\" width=\"1708\" height=\"917\" src=\"https:\/\/www.wormsasbl.org\/wp-content\/uploads\/2021\/05\/ILLU_NouveauLogoBIL-4.png\" class=\"attachment-full size-full wp-image-3147\" alt=\"logo BE_bilingue\" srcset=\"https:\/\/www.wormsasbl.org\/wp-content\/uploads\/2021\/05\/ILLU_NouveauLogoBIL-4.png 1708w, https:\/\/www.wormsasbl.org\/wp-content\/uploads\/2021\/05\/ILLU_NouveauLogoBIL-4-300x161.png 300w, https:\/\/www.wormsasbl.org\/wp-content\/uploads\/2021\/05\/ILLU_NouveauLogoBIL-4-1024x550.png 1024w, https:\/\/www.wormsasbl.org\/wp-content\/uploads\/2021\/05\/ILLU_NouveauLogoBIL-4-768x412.png 768w, https:\/\/www.wormsasbl.org\/wp-content\/uploads\/2021\/05\/ILLU_NouveauLogoBIL-4-1536x825.png 1536w, https:\/\/www.wormsasbl.org\/wp-content\/uploads\/2021\/05\/ILLU_NouveauLogoBIL-4-16x9.png 16w, https:\/\/www.wormsasbl.org\/wp-content\/uploads\/2021\/05\/ILLU_NouveauLogoBIL-4-279x150.png 279w, https:\/\/www.wormsasbl.org\/wp-content\/uploads\/2021\/05\/ILLU_NouveauLogoBIL-4-224x120.png 224w\" sizes=\"(max-width: 1708px) 100vw, 1708px\" \/><\/figure><div class=\"elementor-image-box-content\"><p class=\"elementor-image-box-description\">Deze opleiding wordt gefinancierd door <a href=\"https:\/\/leefmilieu.brussels\/themas\/zero-afval\/advies\/afval-verwerken\/ik-composteer-mijn-organisch-afval\">Leefmilieu Brussel<\/a><\/p><\/div><\/div>\t\t\t\t<\/div>\n\t\t\t\t<\/div>\n\t\t\t\t\t<\/div>\n\t\t<\/div>\n\t\t\t\t\t<\/div>\n\t\t<\/section>\n\t\t\t\t<\/div>\n\t\t","protected":false},"excerpt":{"rendered":"<p>Opleiding: Mijn schillen recycleren, ja maar hoe? Welke techniek kiezen? Welke techniek past bij u? Er zijn veel manieren om organisch materiaal te recycleren, afhankelijk van het soort materiaal, het [&hellip;]<\/p>\n","protected":false},"author":44,"featured_media":0,"parent":0,"menu_order":0,"comment_status":"closed","ping_status":"closed","template":"","meta":{"_bbp_topic_count":0,"_bbp_reply_count":0,"_bbp_total_topic_count":0,"_bbp_total_reply_count":0,"_bbp_voice_count":0,"_bbp_anonymous_reply_count":0,"_bbp_topic_count_hidden":0,"_bbp_reply_count_hidden":0,"_bbp_forum_subforum_count":0,"site-sidebar-layout":"no-sidebar","site-content-layout":"page-builder","ast-site-content-layout":"full-width-container","site-content-style":"unboxed","site-sidebar-style":"unboxed","ast-global-header-display":"","ast-banner-title-visibility":"","ast-main-header-display":"","ast-hfb-above-header-display":"","ast-hfb-below-header-display":"","ast-hfb-mobile-header-display":"","site-post-title":"disabled","ast-breadcrumbs-content":"","ast-featured-img":"disabled","footer-sml-layout":"","ast-disable-related-posts":"","theme-transparent-header-meta":"default","adv-header-id-meta":"","stick-header-meta":"","header-above-stick-meta":"","header-main-stick-meta":"","header-below-stick-meta":"","astra-migrate-meta-layouts":"default","ast-page-background-enabled":"default","ast-page-background-meta":{"desktop":{"background-color":"","background-image":"","background-repeat":"repeat","background-position":"center center","background-size":"auto","background-attachment":"scroll","background-type":"","background-media":"","overlay-type":"","overlay-color":"","overlay-opacity":"","overlay-gradient":""},"tablet":{"background-color":"","background-image":"","background-repeat":"repeat","background-position":"center center","background-size":"auto","background-attachment":"scroll","background-type":"","background-media":"","overlay-type":"","overlay-color":"","overlay-opacity":"","overlay-gradient":""},"mobile":{"background-color":"","background-image":"","background-repeat":"repeat","background-position":"center center","background-size":"auto","background-attachment":"scroll","background-type":"","background-media":"","overlay-type":"","overlay-color":"","overlay-opacity":"","overlay-gradient":""}},"ast-content-background-meta":{"desktop":{"background-color":"var(--ast-global-color-5)","background-image":"","background-repeat":"repeat","background-position":"center center","background-size":"auto","background-attachment":"scroll","background-type":"","background-media":"","overlay-type":"","overlay-color":"","overlay-opacity":"","overlay-gradient":""},"tablet":{"background-color":"var(--ast-global-color-5)","background-image":"","background-repeat":"repeat","background-position":"center center","background-size":"auto","background-attachment":"scroll","background-type":"","background-media":"","overlay-type":"","overlay-color":"","overlay-opacity":"","overlay-gradient":""},"mobile":{"background-color":"var(--ast-global-color-5)","background-image":"","background-repeat":"repeat","background-position":"center center","background-size":"auto","background-attachment":"scroll","background-type":"","background-media":"","overlay-type":"","overlay-color":"","overlay-opacity":"","overlay-gradient":""}},"footnotes":""},"class_list":["post-6450","page","type-page","status-publish","hentry"],"yoast_head":"<!-- This site is optimized with the Yoast SEO plugin v27.5 - https:\/\/yoast.com\/product\/yoast-seo-wordpress\/ -->\n<title>Opleiding: Mijn schillen recyclen | WORMS asbl<\/title>\n<meta name=\"description\" content=\"In 2,5 uur krijgt u een overzicht van de verschillende mogelijke technieken, zodat u zich kunt ori\u00ebnteren op de oplossing die het beste bij u past.\" \/>\n<meta name=\"robots\" content=\"index, follow, max-snippet:-1, max-image-preview:large, max-video-preview:-1\" \/>\n<link rel=\"canonical\" href=\"https:\/\/www.wormsasbl.org\/formation-composter-en-ville\/\" \/>\n<meta property=\"og:locale\" content=\"nl_NL\" \/>\n<meta property=\"og:type\" content=\"article\" \/>\n<meta property=\"og:title\" content=\"Opleiding: Mijn schillen recyclen | WORMS asbl\" \/>\n<meta property=\"og:description\" content=\"In 2,5 uur krijgt u een overzicht van de verschillende mogelijke technieken, zodat u zich kunt ori\u00ebnteren op de oplossing die het beste bij u past.\" \/>\n<meta property=\"og:url\" content=\"https:\/\/www.wormsasbl.org\/formation-composter-en-ville\/\" \/>\n<meta property=\"og:site_name\" content=\"WORMS asbl\" \/>\n<meta property=\"article:publisher\" content=\"https:\/\/www.facebook.com\/WORMSasbl\/\" \/>\n<meta property=\"article:modified_time\" content=\"2025-09-10T13:03:59+00:00\" \/>\n<meta property=\"og:image\" content=\"https:\/\/www.wormsasbl.org\/wp-content\/uploads\/2021\/01\/Vermi-1024x683.jpg\" \/>\n<meta name=\"twitter:card\" content=\"summary_large_image\" \/>\n<meta name=\"twitter:label1\" content=\"Geschatte leestijd\" \/>\n\t<meta name=\"twitter:data1\" content=\"2 minuten\" \/>\n<script type=\"application\/ld+json\" class=\"yoast-schema-graph\">{\"@context\":\"https:\\\/\\\/schema.org\",\"@graph\":[{\"@type\":\"WebPage\",\"@id\":\"https:\\\/\\\/www.wormsasbl.org\\\/formation-composter-en-ville\\\/\",\"url\":\"https:\\\/\\\/www.wormsasbl.org\\\/formation-composter-en-ville\\\/\",\"name\":\"Opleiding: Mijn schillen recyclen | WORMS asbl\",\"isPartOf\":{\"@id\":\"https:\\\/\\\/www.wormsasbl.org\\\/#website\"},\"primaryImageOfPage\":{\"@id\":\"https:\\\/\\\/www.wormsasbl.org\\\/formation-composter-en-ville\\\/#primaryimage\"},\"image\":{\"@id\":\"https:\\\/\\\/www.wormsasbl.org\\\/formation-composter-en-ville\\\/#primaryimage\"},\"thumbnailUrl\":\"https:\\\/\\\/www.wormsasbl.org\\\/wp-content\\\/uploads\\\/2021\\\/01\\\/Vermi-1024x683.jpg\",\"datePublished\":\"2021-04-25T20:16:18+00:00\",\"dateModified\":\"2025-09-10T13:03:59+00:00\",\"description\":\"In 2,5 uur krijgt u een overzicht van de verschillende mogelijke technieken, zodat u zich kunt ori\u00ebnteren op de oplossing die het beste bij u past.\",\"breadcrumb\":{\"@id\":\"https:\\\/\\\/www.wormsasbl.org\\\/formation-composter-en-ville\\\/#breadcrumb\"},\"inLanguage\":\"nl-NL\",\"potentialAction\":[{\"@type\":\"ReadAction\",\"target\":[\"https:\\\/\\\/www.wormsasbl.org\\\/formation-composter-en-ville\\\/\"]}]},{\"@type\":\"ImageObject\",\"inLanguage\":\"nl-NL\",\"@id\":\"https:\\\/\\\/www.wormsasbl.org\\\/formation-composter-en-ville\\\/#primaryimage\",\"url\":\"https:\\\/\\\/www.wormsasbl.org\\\/wp-content\\\/uploads\\\/2021\\\/01\\\/Vermi-1024x683.jpg\",\"contentUrl\":\"https:\\\/\\\/www.wormsasbl.org\\\/wp-content\\\/uploads\\\/2021\\\/01\\\/Vermi-1024x683.jpg\"},{\"@type\":\"BreadcrumbList\",\"@id\":\"https:\\\/\\\/www.wormsasbl.org\\\/formation-composter-en-ville\\\/#breadcrumb\",\"itemListElement\":[{\"@type\":\"ListItem\",\"position\":1,\"name\":\"Accueil\",\"item\":\"https:\\\/\\\/www.wormsasbl.org\\\/\"},{\"@type\":\"ListItem\",\"position\":2,\"name\":\"Opleiding: Mijn schillen recyclen\"}]},{\"@type\":\"WebSite\",\"@id\":\"https:\\\/\\\/www.wormsasbl.org\\\/#website\",\"url\":\"https:\\\/\\\/www.wormsasbl.org\\\/\",\"name\":\"WORMS asbl\",\"description\":\"\u00c0 vos c\u00f4t\u00e9s pour composter\",\"publisher\":{\"@id\":\"https:\\\/\\\/www.wormsasbl.org\\\/#organization\"},\"potentialAction\":[{\"@type\":\"SearchAction\",\"target\":{\"@type\":\"EntryPoint\",\"urlTemplate\":\"https:\\\/\\\/www.wormsasbl.org\\\/?s={search_term_string}\"},\"query-input\":{\"@type\":\"PropertyValueSpecification\",\"valueRequired\":true,\"valueName\":\"search_term_string\"}}],\"inLanguage\":\"nl-NL\"},{\"@type\":\"Organization\",\"@id\":\"https:\\\/\\\/www.wormsasbl.org\\\/#organization\",\"name\":\"WORMS asbl\",\"url\":\"https:\\\/\\\/www.wormsasbl.org\\\/\",\"logo\":{\"@type\":\"ImageObject\",\"inLanguage\":\"nl-NL\",\"@id\":\"https:\\\/\\\/www.wormsasbl.org\\\/#\\\/schema\\\/logo\\\/image\\\/\",\"url\":\"https:\\\/\\\/www.wormsasbl.org\\\/wp-content\\\/uploads\\\/2023\\\/04\\\/Logo-Worms.png\",\"contentUrl\":\"https:\\\/\\\/www.wormsasbl.org\\\/wp-content\\\/uploads\\\/2023\\\/04\\\/Logo-Worms.png\",\"width\":1008,\"height\":258,\"caption\":\"WORMS asbl\"},\"image\":{\"@id\":\"https:\\\/\\\/www.wormsasbl.org\\\/#\\\/schema\\\/logo\\\/image\\\/\"},\"sameAs\":[\"https:\\\/\\\/www.facebook.com\\\/WORMSasbl\\\/\",\"https:\\\/\\\/www.linkedin.com\\\/company\\\/worms-asbl\\\/\",\"https:\\\/\\\/www.youtube.com\\\/user\\\/wormsasbl\"]}]}<\/script>\n<!-- \/ Yoast SEO plugin. -->","yoast_head_json":{"title":"Opleiding: Mijn schillen recyclen | WORMS asbl","description":"In 2,5 uur krijgt u een overzicht van de verschillende mogelijke technieken, zodat u zich kunt ori\u00ebnteren op de oplossing die het beste bij u past.","robots":{"index":"index","follow":"follow","max-snippet":"max-snippet:-1","max-image-preview":"max-image-preview:large","max-video-preview":"max-video-preview:-1"},"canonical":"https:\/\/www.wormsasbl.org\/formation-composter-en-ville\/","og_locale":"nl_NL","og_type":"article","og_title":"Opleiding: Mijn schillen recyclen | WORMS asbl","og_description":"In 2,5 uur krijgt u een overzicht van de verschillende mogelijke technieken, zodat u zich kunt ori\u00ebnteren op de oplossing die het beste bij u past.","og_url":"https:\/\/www.wormsasbl.org\/formation-composter-en-ville\/","og_site_name":"WORMS asbl","article_publisher":"https:\/\/www.facebook.com\/WORMSasbl\/","article_modified_time":"2025-09-10T13:03:59+00:00","og_image":[{"url":"https:\/\/www.wormsasbl.org\/wp-content\/uploads\/2021\/01\/Vermi-1024x683.jpg","type":"","width":"","height":""}],"twitter_card":"summary_large_image","twitter_misc":{"Geschatte leestijd":"2 minuten"},"schema":{"@context":"https:\/\/schema.org","@graph":[{"@type":"WebPage","@id":"https:\/\/www.wormsasbl.org\/formation-composter-en-ville\/","url":"https:\/\/www.wormsasbl.org\/formation-composter-en-ville\/","name":"Opleiding: Mijn schillen recyclen | WORMS asbl","isPartOf":{"@id":"https:\/\/www.wormsasbl.org\/#website"},"primaryImageOfPage":{"@id":"https:\/\/www.wormsasbl.org\/formation-composter-en-ville\/#primaryimage"},"image":{"@id":"https:\/\/www.wormsasbl.org\/formation-composter-en-ville\/#primaryimage"},"thumbnailUrl":"https:\/\/www.wormsasbl.org\/wp-content\/uploads\/2021\/01\/Vermi-1024x683.jpg","datePublished":"2021-04-25T20:16:18+00:00","dateModified":"2025-09-10T13:03:59+00:00","description":"In 2,5 uur krijgt u een overzicht van de verschillende mogelijke technieken, zodat u zich kunt ori\u00ebnteren op de oplossing die het beste bij u past.","breadcrumb":{"@id":"https:\/\/www.wormsasbl.org\/formation-composter-en-ville\/#breadcrumb"},"inLanguage":"nl-NL","potentialAction":[{"@type":"ReadAction","target":["https:\/\/www.wormsasbl.org\/formation-composter-en-ville\/"]}]},{"@type":"ImageObject","inLanguage":"nl-NL","@id":"https:\/\/www.wormsasbl.org\/formation-composter-en-ville\/#primaryimage","url":"https:\/\/www.wormsasbl.org\/wp-content\/uploads\/2021\/01\/Vermi-1024x683.jpg","contentUrl":"https:\/\/www.wormsasbl.org\/wp-content\/uploads\/2021\/01\/Vermi-1024x683.jpg"},{"@type":"BreadcrumbList","@id":"https:\/\/www.wormsasbl.org\/formation-composter-en-ville\/#breadcrumb","itemListElement":[{"@type":"ListItem","position":1,"name":"Accueil","item":"https:\/\/www.wormsasbl.org\/"},{"@type":"ListItem","position":2,"name":"Opleiding: Mijn schillen recyclen"}]},{"@type":"WebSite","@id":"https:\/\/www.wormsasbl.org\/#website","url":"https:\/\/www.wormsasbl.org\/","name":"WORMS asbl","description":"\u00c0 vos c\u00f4t\u00e9s pour composter","publisher":{"@id":"https:\/\/www.wormsasbl.org\/#organization"},"potentialAction":[{"@type":"SearchAction","target":{"@type":"EntryPoint","urlTemplate":"https:\/\/www.wormsasbl.org\/?s={search_term_string}"},"query-input":{"@type":"PropertyValueSpecification","valueRequired":true,"valueName":"search_term_string"}}],"inLanguage":"nl-NL"},{"@type":"Organization","@id":"https:\/\/www.wormsasbl.org\/#organization","name":"WORMS asbl","url":"https:\/\/www.wormsasbl.org\/","logo":{"@type":"ImageObject","inLanguage":"nl-NL","@id":"https:\/\/www.wormsasbl.org\/#\/schema\/logo\/image\/","url":"https:\/\/www.wormsasbl.org\/wp-content\/uploads\/2023\/04\/Logo-Worms.png","contentUrl":"https:\/\/www.wormsasbl.org\/wp-content\/uploads\/2023\/04\/Logo-Worms.png","width":1008,"height":258,"caption":"WORMS asbl"},"image":{"@id":"https:\/\/www.wormsasbl.org\/#\/schema\/logo\/image\/"},"sameAs":["https:\/\/www.facebook.com\/WORMSasbl\/","https:\/\/www.linkedin.com\/company\/worms-asbl\/","https:\/\/www.youtube.com\/user\/wormsasbl"]}]}},"_links":{"self":[{"href":"https:\/\/www.wormsasbl.org\/nl\/wp-json\/wp\/v2\/pages\/6450","targetHints":{"allow":["GET"]}}],"collection":[{"href":"https:\/\/www.wormsasbl.org\/nl\/wp-json\/wp\/v2\/pages"}],"about":[{"href":"https:\/\/www.wormsasbl.org\/nl\/wp-json\/wp\/v2\/types\/page"}],"author":[{"embeddable":true,"href":"https:\/\/www.wormsasbl.org\/nl\/wp-json\/wp\/v2\/users\/44"}],"replies":[{"embeddable":true,"href":"https:\/\/www.wormsasbl.org\/nl\/wp-json\/wp\/v2\/comments?post=6450"}],"version-history":[{"count":6,"href":"https:\/\/www.wormsasbl.org\/nl\/wp-json\/wp\/v2\/pages\/6450\/revisions"}],"predecessor-version":[{"id":32529,"href":"https:\/\/www.wormsasbl.org\/nl\/wp-json\/wp\/v2\/pages\/6450\/revisions\/32529"}],"wp:attachment":[{"href":"https:\/\/www.wormsasbl.org\/nl\/wp-json\/wp\/v2\/media?parent=6450"}],"curies":[{"name":"wp","href":"https:\/\/api.w.org\/{rel}","templated":true}]}}