{"id":6443,"date":"2021-12-15T17:29:49","date_gmt":"2021-12-15T16:29:49","guid":{"rendered":"https:\/\/dev.wormsasbl.org\/formation-guide-compost\/"},"modified":"2026-01-05T16:27:09","modified_gmt":"2026-01-05T15:27:09","slug":"opleiding-compost-gidsen","status":"publish","type":"page","link":"https:\/\/www.wormsasbl.org\/nl\/opleiding-compost-gidsen\/","title":{"rendered":"Opleiding: Compost Gidsen"},"content":{"rendered":"\t\t<div data-elementor-type=\"wp-page\" data-elementor-id=\"6443\" class=\"elementor elementor-6443 elementor-4477\" data-elementor-post-type=\"page\">\n\t\t\t\t\t\t<section class=\"elementor-section elementor-top-section elementor-element elementor-element-a61eb0f elementor-section-boxed elementor-section-height-default elementor-section-height-default\" data-id=\"a61eb0f\" data-element_type=\"section\" data-e-type=\"section\">\n\t\t\t\t\t\t<div class=\"elementor-container elementor-column-gap-default\">\n\t\t\t\t\t<div class=\"elementor-column elementor-col-100 elementor-top-column elementor-element elementor-element-a07aec8\" data-id=\"a07aec8\" data-element_type=\"column\" data-e-type=\"column\">\n\t\t\t<div class=\"elementor-widget-wrap elementor-element-populated\">\n\t\t\t\t\t\t<div class=\"elementor-element elementor-element-123f1f4 elementor-widget elementor-widget-heading\" data-id=\"123f1f4\" data-element_type=\"widget\" data-e-type=\"widget\" data-widget_type=\"heading.default\">\n\t\t\t\t<div class=\"elementor-widget-container\">\n\t\t\t\t\t<h2 class=\"elementor-heading-title elementor-size-default\">Opleiding : CompostGidsen <\/h2>\t\t\t\t<\/div>\n\t\t\t\t<\/div>\n\t\t\t\t<div class=\"elementor-element elementor-element-cfe7852 elementor-widget elementor-widget-text-editor\" data-id=\"cfe7852\" data-element_type=\"widget\" data-e-type=\"widget\" data-widget_type=\"text-editor.default\">\n\t\t\t\t<div class=\"elementor-widget-container\">\n\t\t\t\t\t\t\t\t\t<p><strong>Bent u ge\u00efnteresseerd in de opleiding CompostGids ?<\/strong><\/p><p>Deze lange opleiding is gratis, dankzij de financi\u00eble steun van\u00a0<a href=\"https:\/\/leefmilieu.brussels\/themas\/zero-afval\/advies\/afval-verwerken\/ik-composteer-mijn-organisch-afval\" target=\"_blank\" rel=\"noopener\">Leefmilieu Brussel<\/a>.\u00a0<\/p>\t\t\t\t\t\t\t\t<\/div>\n\t\t\t\t<\/div>\n\t\t\t\t<div class=\"elementor-element elementor-element-71577d6 elementor-widget elementor-widget-heading\" data-id=\"71577d6\" data-element_type=\"widget\" data-e-type=\"widget\" data-widget_type=\"heading.default\">\n\t\t\t\t<div class=\"elementor-widget-container\">\n\t\t\t\t\t<h3 class=\"elementor-heading-title elementor-size-default\">WAAROM zich inschrijven?<\/h3>\t\t\t\t<\/div>\n\t\t\t\t<\/div>\n\t\t\t\t<div class=\"elementor-element elementor-element-218fb61 elementor-widget elementor-widget-text-editor\" data-id=\"218fb61\" data-element_type=\"widget\" data-e-type=\"widget\" data-widget_type=\"text-editor.default\">\n\t\t\t\t<div class=\"elementor-widget-container\">\n\t\t\t\t\t\t\t\t\t<p><span style=\"font-size: 16px;\">Composteren is vandaag een daad van burgerzin, het voelt goed !<\/span><\/p><p><span style=\"font-size: 16px;\">Composteren betekent opnieuw in contact komen met de aarde en deel uitmaken van de natuurlijke kringloop. De impact ervan is sociaal, ecologisch en economisch. Het is ook een eenvoudige, makkelijke en doeltreffende oplossing om afval te verminderen en zorg te dragen voor de bodem.\u00a0<\/span><span style=\"font-size: 16px; font-style: normal; font-weight: 400;\">Bovendien kunt u met compost aanzienlijke besparingen maken door de kosten voor afvalinzameling en -verwerking te verlagen.<\/span><\/p><ul><li>Wilt u (bij)leren over compost?<\/li><li>Wilt u deze delen met anderen?<\/li><li>Bent u ge\u00efnteresseerd in de vermindering en valorisatie van organisch afval in steden?<\/li><li>Wilt u zich aansluiten bij een netwerk van vrijwillige compostambassadeurs in Brussel?<\/li><li>Bent u van Brussel?<\/li><\/ul><p>Dan hebt u het profiel om een Brusselse &#8220;CompostGids&#8221; te worden!<\/p>\t\t\t\t\t\t\t\t<\/div>\n\t\t\t\t<\/div>\n\t\t\t\t<div class=\"elementor-element elementor-element-1003dd3 elementor-widget elementor-widget-heading\" data-id=\"1003dd3\" data-element_type=\"widget\" data-e-type=\"widget\" data-widget_type=\"heading.default\">\n\t\t\t\t<div class=\"elementor-widget-container\">\n\t\t\t\t\t<h3 class=\"elementor-heading-title elementor-size-default\">Stel jezelf kandidaat !<\/h3>\t\t\t\t<\/div>\n\t\t\t\t<\/div>\n\t\t\t\t<div class=\"elementor-element elementor-element-432de01 elementor-widget__width-initial elementor-widget elementor-widget-text-editor\" data-id=\"432de01\" data-element_type=\"widget\" data-e-type=\"widget\" data-widget_type=\"text-editor.default\">\n\t\t\t\t<div class=\"elementor-widget-container\">\n\t\t\t\t\t\t\t\t\t<p>De oproep tot het indienen van kandidaturen is sinds 5 januari 2026 geopend.<\/p><p>Voor de deelnamevoorwaarden, programma, agenda, enz. gelieve dit document te raadplegen (het 2026-dossier) :<a href=\"https:\/\/www.wormsasbl.org\/wp-content\/uploads\/2024\/12\/GC25_Appel-long_NL.pdf\"><span style=\"color: #ea661d;\">\u00a0<\/span><\/a><\/p><p><a href=\"https:\/\/www.wormsasbl.org\/wp-content\/uploads\/2026\/01\/GC-2026-Oproep.pdf\"><span style=\"color: #ea661d;\"><strong>praktische informatie en programma &#8211; opleiding 2026 (.pdf)<\/strong><\/span><\/a><\/p><p><em>De cursus is beperkt tot 25 deelnemers.<\/em><\/p>\t\t\t\t\t\t\t\t<\/div>\n\t\t\t\t<\/div>\n\t\t\t\t<div class=\"elementor-element elementor-element-bcd41c0 elementor-widget elementor-widget-heading\" data-id=\"bcd41c0\" data-element_type=\"widget\" data-e-type=\"widget\" data-widget_type=\"heading.default\">\n\t\t\t\t<div class=\"elementor-widget-container\">\n\t\t\t\t\t<h3 class=\"elementor-heading-title elementor-size-default\">Inschrijvingen 2026<\/h3>\t\t\t\t<\/div>\n\t\t\t\t<\/div>\n\t\t\t\t<div class=\"elementor-element elementor-element-23721e4 elementor-widget elementor-widget-text-editor\" data-id=\"23721e4\" data-element_type=\"widget\" data-e-type=\"widget\" data-widget_type=\"text-editor.default\">\n\t\t\t\t<div class=\"elementor-widget-container\">\n\t\t\t\t\t\t\t\t\t<p>Oproep tot kandidaatstelling: 05\/01\/26 tot 05\/02\/26<\/p><p>Beoordeling van de kandidaturen: 05\/02\/26 tot 12\/02\/26<\/p><p>Bekendmaking van de selectieresultaten aan de kandidaten: 13\/02\/2026<\/p><p>Start van de opleiding: 5\/03\/26<\/p><p>Het formulier moet online worden ingevuld via deze link : <a href=\"https:\/\/forms.gle\/cz3DNhWsFGdLgt3dA\">https:\/\/forms.gle\/cz3DNhWsFGdLgt3dA<\/a> .\u00a0<br \/>Zodra we uw kandidatuurdossier hebben ontvangen, krijgt u een ontvangstbevestiging.<br \/>De bevestiging van de geselecteerde inschrijvingen wordt uiterlijk op 13\/02\/26 verstuurd.<\/p><p>Bedankt voor uw interesse in onze opleidingen!<\/p>\t\t\t\t\t\t\t\t<\/div>\n\t\t\t\t<\/div>\n\t\t\t\t<div class=\"elementor-element elementor-element-0293275 elementor-widget elementor-widget-button\" data-id=\"0293275\" data-element_type=\"widget\" data-e-type=\"widget\" data-widget_type=\"button.default\">\n\t\t\t\t<div class=\"elementor-widget-container\">\n\t\t\t\t\t\t\t\t\t<div class=\"elementor-button-wrapper\">\n\t\t\t\t\t<a class=\"elementor-button elementor-button-link elementor-size-sm\" href=\"https:\/\/forms.gle\/cz3DNhWsFGdLgt3dA\" target=\"_blank\">\n\t\t\t\t\t\t<span class=\"elementor-button-content-wrapper\">\n\t\t\t\t\t\t\t\t\t<span class=\"elementor-button-text\">Ik schrijf me in voor de opleiding Compostgids in 2026 <\/span>\n\t\t\t\t\t<\/span>\n\t\t\t\t\t<\/a>\n\t\t\t\t<\/div>\n\t\t\t\t\t\t\t\t<\/div>\n\t\t\t\t<\/div>\n\t\t\t\t\t<\/div>\n\t\t<\/div>\n\t\t\t\t\t<\/div>\n\t\t<\/section>\n\t\t\t\t<section class=\"elementor-section elementor-top-section elementor-element elementor-element-10730937 elementor-section-boxed elementor-section-height-default elementor-section-height-default\" data-id=\"10730937\" data-element_type=\"section\" data-e-type=\"section\" id=\"xs_cta_style_15\">\n\t\t\t\t\t\t<div class=\"elementor-container elementor-column-gap-default\">\n\t\t\t\t\t<div class=\"elementor-column elementor-col-100 elementor-top-column elementor-element elementor-element-670b2a63\" data-id=\"670b2a63\" data-element_type=\"column\" data-e-type=\"column\">\n\t\t\t<div class=\"elementor-widget-wrap elementor-element-populated\">\n\t\t\t\t\t\t<section class=\"elementor-section elementor-inner-section elementor-element elementor-element-77cc08af elementor-section-full_width elementor-section-height-default elementor-section-height-default\" data-id=\"77cc08af\" data-element_type=\"section\" data-e-type=\"section\">\n\t\t\t\t\t\t<div class=\"elementor-container elementor-column-gap-default\">\n\t\t\t\t\t<div class=\"elementor-column elementor-col-50 elementor-inner-column elementor-element elementor-element-258b0995\" data-id=\"258b0995\" data-element_type=\"column\" data-e-type=\"column\">\n\t\t\t<div class=\"elementor-widget-wrap elementor-element-populated\">\n\t\t\t\t\t\t<div class=\"elementor-element elementor-element-6e5de3ea elementor-widget elementor-widget-elementskit-heading\" data-id=\"6e5de3ea\" data-element_type=\"widget\" data-e-type=\"widget\" data-widget_type=\"elementskit-heading.default\">\n\t\t\t\t<div class=\"elementor-widget-container\">\n\t\t\t\t\t<div class=\"ekit-wid-con\" ><div class=\"ekit-heading elementskit-section-title-wraper text_left   ekit_heading_tablet-   ekit_heading_mobile-\"><h2 class=\"ekit-heading--title elementskit-section-title \">Wilt u meer weten over de <span><span>CompostGids<\/span><\/span> opleiding<\/h2>\t\t\t\t<div class='ekit-heading__description'>\n\t\t\t\t\t<p>Meer vragen over de opleiding? Neem per e-mail contact met ons op via: <a href=\"mailto:info@wormsasbl.org\">compostacademy@wormsasbl.org<\/a><\/p>\n\t\t\t\t<\/div>\n\t\t\t<\/div><\/div>\t\t\t\t<\/div>\n\t\t\t\t<\/div>\n\t\t\t\t\t<\/div>\n\t\t<\/div>\n\t\t\t\t<div class=\"elementor-column elementor-col-50 elementor-inner-column elementor-element elementor-element-3dea9106\" data-id=\"3dea9106\" data-element_type=\"column\" data-e-type=\"column\">\n\t\t\t<div class=\"elementor-widget-wrap\">\n\t\t\t\t\t\t\t<\/div>\n\t\t<\/div>\n\t\t\t\t\t<\/div>\n\t\t<\/section>\n\t\t\t\t<div class=\"elementor-element elementor-element-9e20d56 elementor-align-right elementor-align--mobilecenter elementor-widget elementor-widget-elementskit-button\" data-id=\"9e20d56\" data-element_type=\"widget\" data-e-type=\"widget\" data-widget_type=\"elementskit-button.default\">\n\t\t\t\t<div class=\"elementor-widget-container\">\n\t\t\t\t\t<div class=\"ekit-wid-con\" >\t\t<div class=\"ekit-btn-wraper\">\n\t\t\t\t\t\t\t<a href=\"http:\/\/compostacademy@wormsasbl.org\" target=\"_blank\" class=\"elementskit-btn  whitespace--normal\" id=\"\">\n\t\t\t\t\t<i class=\"fasicon icon-right-arrow\"><\/i>Meer informatie\t\t\t\t<\/a>\n\t\t\t\t\t<\/div>\n        <\/div>\t\t\t\t<\/div>\n\t\t\t\t<\/div>\n\t\t\t\t\t<\/div>\n\t\t<\/div>\n\t\t\t\t\t<\/div>\n\t\t<\/section>\n\t\t\t\t<\/div>\n\t\t","protected":false},"excerpt":{"rendered":"<p>Opleiding : CompostGidsen Bent u ge\u00efnteresseerd in de opleiding CompostGids ? Deze lange opleiding is gratis, dankzij de financi\u00eble steun van\u00a0Leefmilieu Brussel.\u00a0 WAAROM zich inschrijven? Composteren is vandaag een daad [&hellip;]<\/p>\n","protected":false},"author":44,"featured_media":0,"parent":0,"menu_order":0,"comment_status":"closed","ping_status":"closed","template":"","meta":{"_bbp_topic_count":0,"_bbp_reply_count":0,"_bbp_total_topic_count":0,"_bbp_total_reply_count":0,"_bbp_voice_count":0,"_bbp_anonymous_reply_count":0,"_bbp_topic_count_hidden":0,"_bbp_reply_count_hidden":0,"_bbp_forum_subforum_count":0,"site-sidebar-layout":"no-sidebar","site-content-layout":"page-builder","ast-site-content-layout":"default","site-content-style":"default","site-sidebar-style":"default","ast-global-header-display":"","ast-banner-title-visibility":"","ast-main-header-display":"","ast-hfb-above-header-display":"","ast-hfb-below-header-display":"","ast-hfb-mobile-header-display":"","site-post-title":"disabled","ast-breadcrumbs-content":"","ast-featured-img":"disabled","footer-sml-layout":"","ast-disable-related-posts":"","theme-transparent-header-meta":"default","adv-header-id-meta":"","stick-header-meta":"","header-above-stick-meta":"","header-main-stick-meta":"","header-below-stick-meta":"","astra-migrate-meta-layouts":"default","ast-page-background-enabled":"default","ast-page-background-meta":{"desktop":{"background-color":"","background-image":"","background-repeat":"repeat","background-position":"center center","background-size":"auto","background-attachment":"scroll","background-type":"","background-media":"","overlay-type":"","overlay-color":"","overlay-opacity":"","overlay-gradient":""},"tablet":{"background-color":"","background-image":"","background-repeat":"repeat","background-position":"center center","background-size":"auto","background-attachment":"scroll","background-type":"","background-media":"","overlay-type":"","overlay-color":"","overlay-opacity":"","overlay-gradient":""},"mobile":{"background-color":"","background-image":"","background-repeat":"repeat","background-position":"center center","background-size":"auto","background-attachment":"scroll","background-type":"","background-media":"","overlay-type":"","overlay-color":"","overlay-opacity":"","overlay-gradient":""}},"ast-content-background-meta":{"desktop":{"background-color":"var(--ast-global-color-5)","background-image":"","background-repeat":"repeat","background-position":"center center","background-size":"auto","background-attachment":"scroll","background-type":"","background-media":"","overlay-type":"","overlay-color":"","overlay-opacity":"","overlay-gradient":""},"tablet":{"background-color":"var(--ast-global-color-5)","background-image":"","background-repeat":"repeat","background-position":"center center","background-size":"auto","background-attachment":"scroll","background-type":"","background-media":"","overlay-type":"","overlay-color":"","overlay-opacity":"","overlay-gradient":""},"mobile":{"background-color":"var(--ast-global-color-5)","background-image":"","background-repeat":"repeat","background-position":"center center","background-size":"auto","background-attachment":"scroll","background-type":"","background-media":"","overlay-type":"","overlay-color":"","overlay-opacity":"","overlay-gradient":""}},"footnotes":""},"class_list":["post-6443","page","type-page","status-publish","hentry"],"yoast_head":"<!-- This site is optimized with the Yoast SEO plugin v27.5 - https:\/\/yoast.com\/product\/yoast-seo-wordpress\/ -->\n<title>Opleiding: Compost Gidsen | WORMS asbl<\/title>\n<meta name=\"description\" content=\"Wilt u kennis verbeteren of verwerven en deze delen? Dan hebt u het profiel om een Brusselse &quot;Compostgids&quot; te worden!\" \/>\n<meta name=\"robots\" content=\"index, follow, max-snippet:-1, max-image-preview:large, max-video-preview:-1\" \/>\n<link rel=\"canonical\" href=\"https:\/\/www.wormsasbl.org\/formation-guide-compost\/\" \/>\n<meta property=\"og:locale\" content=\"nl_NL\" \/>\n<meta property=\"og:type\" content=\"article\" \/>\n<meta property=\"og:title\" content=\"Opleiding: Compost Gidsen\" \/>\n<meta property=\"og:description\" content=\"Leer gratis de kunst van composteren en deel je kennis\" \/>\n<meta property=\"og:url\" content=\"https:\/\/www.wormsasbl.org\/formation-guide-compost\/\" \/>\n<meta property=\"og:site_name\" content=\"WORMS asbl\" \/>\n<meta property=\"article:publisher\" content=\"https:\/\/www.facebook.com\/WORMSasbl\/\" \/>\n<meta property=\"article:modified_time\" content=\"2026-01-05T15:27:09+00:00\" \/>\n<meta property=\"og:image\" content=\"https:\/\/www.wormsasbl.org\/wp-content\/uploads\/2022\/06\/stand-scaled.jpg\" \/>\n\t<meta property=\"og:image:width\" content=\"2560\" \/>\n\t<meta property=\"og:image:height\" content=\"1920\" \/>\n\t<meta property=\"og:image:type\" content=\"image\/jpeg\" \/>\n<meta name=\"twitter:card\" content=\"summary_large_image\" \/>\n<meta name=\"twitter:title\" content=\"Opleiding: Compost Gidsen\" \/>\n<meta name=\"twitter:description\" content=\"Leer gratis de kunst van composteren en deel je kennis\" \/>\n<meta name=\"twitter:image\" content=\"https:\/\/www.wormsasbl.org\/wp-content\/uploads\/2022\/06\/stand-scaled.jpg\" \/>\n<meta name=\"twitter:label1\" content=\"Geschatte leestijd\" \/>\n\t<meta name=\"twitter:data1\" content=\"2 minuten\" \/>\n<script type=\"application\/ld+json\" class=\"yoast-schema-graph\">{\"@context\":\"https:\\\/\\\/schema.org\",\"@graph\":[{\"@type\":\"WebPage\",\"@id\":\"https:\\\/\\\/www.wormsasbl.org\\\/formation-guide-compost\\\/\",\"url\":\"https:\\\/\\\/www.wormsasbl.org\\\/formation-guide-compost\\\/\",\"name\":\"Opleiding: Compost Gidsen | WORMS asbl\",\"isPartOf\":{\"@id\":\"https:\\\/\\\/www.wormsasbl.org\\\/#website\"},\"datePublished\":\"2021-12-15T16:29:49+00:00\",\"dateModified\":\"2026-01-05T15:27:09+00:00\",\"description\":\"Wilt u kennis verbeteren of verwerven en deze delen? Dan hebt u het profiel om een Brusselse \\\"Compostgids\\\" te worden!\",\"breadcrumb\":{\"@id\":\"https:\\\/\\\/www.wormsasbl.org\\\/formation-guide-compost\\\/#breadcrumb\"},\"inLanguage\":\"nl-NL\",\"potentialAction\":[{\"@type\":\"ReadAction\",\"target\":[\"https:\\\/\\\/www.wormsasbl.org\\\/formation-guide-compost\\\/\"]}]},{\"@type\":\"BreadcrumbList\",\"@id\":\"https:\\\/\\\/www.wormsasbl.org\\\/formation-guide-compost\\\/#breadcrumb\",\"itemListElement\":[{\"@type\":\"ListItem\",\"position\":1,\"name\":\"Accueil\",\"item\":\"https:\\\/\\\/www.wormsasbl.org\\\/\"},{\"@type\":\"ListItem\",\"position\":2,\"name\":\"Opleiding: Compost Gidsen\"}]},{\"@type\":\"WebSite\",\"@id\":\"https:\\\/\\\/www.wormsasbl.org\\\/#website\",\"url\":\"https:\\\/\\\/www.wormsasbl.org\\\/\",\"name\":\"WORMS asbl\",\"description\":\"\u00c0 vos c\u00f4t\u00e9s pour composter\",\"publisher\":{\"@id\":\"https:\\\/\\\/www.wormsasbl.org\\\/#organization\"},\"potentialAction\":[{\"@type\":\"SearchAction\",\"target\":{\"@type\":\"EntryPoint\",\"urlTemplate\":\"https:\\\/\\\/www.wormsasbl.org\\\/?s={search_term_string}\"},\"query-input\":{\"@type\":\"PropertyValueSpecification\",\"valueRequired\":true,\"valueName\":\"search_term_string\"}}],\"inLanguage\":\"nl-NL\"},{\"@type\":\"Organization\",\"@id\":\"https:\\\/\\\/www.wormsasbl.org\\\/#organization\",\"name\":\"WORMS asbl\",\"url\":\"https:\\\/\\\/www.wormsasbl.org\\\/\",\"logo\":{\"@type\":\"ImageObject\",\"inLanguage\":\"nl-NL\",\"@id\":\"https:\\\/\\\/www.wormsasbl.org\\\/#\\\/schema\\\/logo\\\/image\\\/\",\"url\":\"https:\\\/\\\/www.wormsasbl.org\\\/wp-content\\\/uploads\\\/2023\\\/04\\\/Logo-Worms.png\",\"contentUrl\":\"https:\\\/\\\/www.wormsasbl.org\\\/wp-content\\\/uploads\\\/2023\\\/04\\\/Logo-Worms.png\",\"width\":1008,\"height\":258,\"caption\":\"WORMS asbl\"},\"image\":{\"@id\":\"https:\\\/\\\/www.wormsasbl.org\\\/#\\\/schema\\\/logo\\\/image\\\/\"},\"sameAs\":[\"https:\\\/\\\/www.facebook.com\\\/WORMSasbl\\\/\",\"https:\\\/\\\/www.linkedin.com\\\/company\\\/worms-asbl\\\/\",\"https:\\\/\\\/www.youtube.com\\\/user\\\/wormsasbl\"]}]}<\/script>\n<!-- \/ Yoast SEO plugin. -->","yoast_head_json":{"title":"Opleiding: Compost Gidsen | WORMS asbl","description":"Wilt u kennis verbeteren of verwerven en deze delen? Dan hebt u het profiel om een Brusselse \"Compostgids\" te worden!","robots":{"index":"index","follow":"follow","max-snippet":"max-snippet:-1","max-image-preview":"max-image-preview:large","max-video-preview":"max-video-preview:-1"},"canonical":"https:\/\/www.wormsasbl.org\/formation-guide-compost\/","og_locale":"nl_NL","og_type":"article","og_title":"Opleiding: Compost Gidsen","og_description":"Leer gratis de kunst van composteren en deel je kennis","og_url":"https:\/\/www.wormsasbl.org\/formation-guide-compost\/","og_site_name":"WORMS asbl","article_publisher":"https:\/\/www.facebook.com\/WORMSasbl\/","article_modified_time":"2026-01-05T15:27:09+00:00","og_image":[{"width":2560,"height":1920,"url":"https:\/\/www.wormsasbl.org\/wp-content\/uploads\/2022\/06\/stand-scaled.jpg","type":"image\/jpeg"}],"twitter_card":"summary_large_image","twitter_title":"Opleiding: Compost Gidsen","twitter_description":"Leer gratis de kunst van composteren en deel je kennis","twitter_image":"https:\/\/www.wormsasbl.org\/wp-content\/uploads\/2022\/06\/stand-scaled.jpg","twitter_misc":{"Geschatte leestijd":"2 minuten"},"schema":{"@context":"https:\/\/schema.org","@graph":[{"@type":"WebPage","@id":"https:\/\/www.wormsasbl.org\/formation-guide-compost\/","url":"https:\/\/www.wormsasbl.org\/formation-guide-compost\/","name":"Opleiding: Compost Gidsen | WORMS asbl","isPartOf":{"@id":"https:\/\/www.wormsasbl.org\/#website"},"datePublished":"2021-12-15T16:29:49+00:00","dateModified":"2026-01-05T15:27:09+00:00","description":"Wilt u kennis verbeteren of verwerven en deze delen? Dan hebt u het profiel om een Brusselse \"Compostgids\" te worden!","breadcrumb":{"@id":"https:\/\/www.wormsasbl.org\/formation-guide-compost\/#breadcrumb"},"inLanguage":"nl-NL","potentialAction":[{"@type":"ReadAction","target":["https:\/\/www.wormsasbl.org\/formation-guide-compost\/"]}]},{"@type":"BreadcrumbList","@id":"https:\/\/www.wormsasbl.org\/formation-guide-compost\/#breadcrumb","itemListElement":[{"@type":"ListItem","position":1,"name":"Accueil","item":"https:\/\/www.wormsasbl.org\/"},{"@type":"ListItem","position":2,"name":"Opleiding: Compost Gidsen"}]},{"@type":"WebSite","@id":"https:\/\/www.wormsasbl.org\/#website","url":"https:\/\/www.wormsasbl.org\/","name":"WORMS asbl","description":"\u00c0 vos c\u00f4t\u00e9s pour composter","publisher":{"@id":"https:\/\/www.wormsasbl.org\/#organization"},"potentialAction":[{"@type":"SearchAction","target":{"@type":"EntryPoint","urlTemplate":"https:\/\/www.wormsasbl.org\/?s={search_term_string}"},"query-input":{"@type":"PropertyValueSpecification","valueRequired":true,"valueName":"search_term_string"}}],"inLanguage":"nl-NL"},{"@type":"Organization","@id":"https:\/\/www.wormsasbl.org\/#organization","name":"WORMS asbl","url":"https:\/\/www.wormsasbl.org\/","logo":{"@type":"ImageObject","inLanguage":"nl-NL","@id":"https:\/\/www.wormsasbl.org\/#\/schema\/logo\/image\/","url":"https:\/\/www.wormsasbl.org\/wp-content\/uploads\/2023\/04\/Logo-Worms.png","contentUrl":"https:\/\/www.wormsasbl.org\/wp-content\/uploads\/2023\/04\/Logo-Worms.png","width":1008,"height":258,"caption":"WORMS asbl"},"image":{"@id":"https:\/\/www.wormsasbl.org\/#\/schema\/logo\/image\/"},"sameAs":["https:\/\/www.facebook.com\/WORMSasbl\/","https:\/\/www.linkedin.com\/company\/worms-asbl\/","https:\/\/www.youtube.com\/user\/wormsasbl"]}]}},"_links":{"self":[{"href":"https:\/\/www.wormsasbl.org\/nl\/wp-json\/wp\/v2\/pages\/6443","targetHints":{"allow":["GET"]}}],"collection":[{"href":"https:\/\/www.wormsasbl.org\/nl\/wp-json\/wp\/v2\/pages"}],"about":[{"href":"https:\/\/www.wormsasbl.org\/nl\/wp-json\/wp\/v2\/types\/page"}],"author":[{"embeddable":true,"href":"https:\/\/www.wormsasbl.org\/nl\/wp-json\/wp\/v2\/users\/44"}],"replies":[{"embeddable":true,"href":"https:\/\/www.wormsasbl.org\/nl\/wp-json\/wp\/v2\/comments?post=6443"}],"version-history":[{"count":27,"href":"https:\/\/www.wormsasbl.org\/nl\/wp-json\/wp\/v2\/pages\/6443\/revisions"}],"predecessor-version":[{"id":33461,"href":"https:\/\/www.wormsasbl.org\/nl\/wp-json\/wp\/v2\/pages\/6443\/revisions\/33461"}],"wp:attachment":[{"href":"https:\/\/www.wormsasbl.org\/nl\/wp-json\/wp\/v2\/media?parent=6443"}],"curies":[{"name":"wp","href":"https:\/\/api.w.org\/{rel}","templated":true}]}}