{"id":6434,"date":"2021-05-18T22:15:05","date_gmt":"2021-05-18T20:15:05","guid":{"rendered":"https:\/\/dev.wormsasbl.org\/formation-enseignants\/"},"modified":"2026-03-23T11:36:21","modified_gmt":"2026-03-23T10:36:21","slug":"opleiding-af-van-afval-hoe-pak-je-dat-aan-op-school","status":"publish","type":"page","link":"https:\/\/www.wormsasbl.org\/nl\/opleiding-af-van-afval-hoe-pak-je-dat-aan-op-school\/","title":{"rendered":"Opleiding: Af van afval &#8211; Hoe pak je dat aan op school?"},"content":{"rendered":"\t\t<div data-elementor-type=\"wp-page\" data-elementor-id=\"6434\" class=\"elementor elementor-6434 elementor-3304\" data-elementor-post-type=\"page\">\n\t\t\t\t\t\t<section class=\"elementor-section elementor-top-section elementor-element elementor-element-ff8b9cd elementor-section-boxed elementor-section-height-default elementor-section-height-default\" data-id=\"ff8b9cd\" data-element_type=\"section\" data-e-type=\"section\">\n\t\t\t\t\t\t<div class=\"elementor-container elementor-column-gap-default\">\n\t\t\t\t\t<div class=\"elementor-column elementor-col-100 elementor-top-column elementor-element elementor-element-4c1bf2e\" data-id=\"4c1bf2e\" data-element_type=\"column\" data-e-type=\"column\">\n\t\t\t<div class=\"elementor-widget-wrap elementor-element-populated\">\n\t\t\t\t\t\t<div class=\"elementor-element elementor-element-2c50eb3 elementor-widget elementor-widget-heading\" data-id=\"2c50eb3\" data-element_type=\"widget\" data-e-type=\"widget\" data-widget_type=\"heading.default\">\n\t\t\t\t<div class=\"elementor-widget-container\">\n\t\t\t\t\t<h1 class=\"elementor-heading-title elementor-size-default\">Opleiding: \u201cComposteren op school\u201d voor leerkrachten<\/h1>\t\t\t\t<\/div>\n\t\t\t\t<\/div>\n\t\t\t\t<div class=\"elementor-element elementor-element-27a5188 elementor-widget elementor-widget-text-editor\" data-id=\"27a5188\" data-element_type=\"widget\" data-e-type=\"widget\" data-widget_type=\"text-editor.default\">\n\t\t\t\t<div class=\"elementor-widget-container\">\n\t\t\t\t\t\t\t\t\t<p>Afval verminderen wordt steeds populairder, maar hoe pak je dat aan met je leerlingen? Roept het ook enkele vraagtekens bij je op en twijfel je over de haalbaarheid ervan op school? Ben je nieuwsgierig naar de verschillende toepasmogelijkheden en heb je zin om de eerste stappen te zetten naar een afvalarme school?<\/p><p>Heeft u gewoon zin om ermee te beginnen en weinig kennis, of heeft u een heel concreet project waarvoor u een stevige basis wilt leggen? Volg dan deze opleiding, gefinancierd door Leefmilieu Brussel en georganiseerd door Worms, bestemd voor leden van het onderwijzend personeel!<\/p><p><strong>Gratis opleiding<\/strong><\/p><p><b>Op het programma:<\/b><\/p><ul><li>Wat gebeurt er in de compost?<\/li><li>Wat mag ik erin doen?<\/li><li>Hoe wordt mijn compost op school duurzaam?<\/li><li>Welk onderhoud heeft de compost nodig?<\/li><li>Compost schoolkalender<\/li><li>Pedagogische tools en link met programma\u2019s<\/li><li>Overzicht van enkele inspirerende projecten<\/li><\/ul><p><b>Praktische informatie:<\/b><\/p><p><strong>Voor wie?<\/strong> Leden van het onderwijs (leerkrachten, directie, begeleiders, enz.) in het basis en secundair onderwijs, gewoon of gespecialiseerd<\/p><p><strong>Waar?<\/strong>\u00a0In de kantoren van\u00a0<a href=\"https:\/\/maps.app.goo.gl\/DpLQw7y6XWnYNyxH6\" target=\"_blank\" rel=\"noopener\">Leefmilieu Brussel<\/a>\u00a0op de Thurn &amp; Taxis-site, Havenlaan 86C\/3000, 1000 Brussel<\/p><p><strong>Wanneer?<\/strong>\u00a0Op woensdag\u00a0<b>29 april 2026<\/b>\u00a0van\u00a014u tem 16u<\/p><p><strong>Inschrijving<\/strong>: gratis maar verplicht door een e-mail te sturen naar\u00a0<a href=\"mailto:animation@wormsasbl.org\">animation@wormsasbl.org<\/a>\u00a0ten laatste op 22 april 2026<\/p><p><strong>Nog vragen?<\/strong> Neem contact met ons op via <a href=\"mailto:animation@wormsasbl.org\">e-mail.<\/a><\/p><p>Gewoonlijk wordt de opleiding gegeven in een school die reeds een compost heeft ge\u00efnstalleerd. Zo kunnen we u kennis laten maken met de<br \/>compostering, de ondervonden moeilijkheden, enz.<\/p>\t\t\t\t\t\t\t\t<\/div>\n\t\t\t\t<\/div>\n\t\t\t\t\t<\/div>\n\t\t<\/div>\n\t\t\t\t\t<\/div>\n\t\t<\/section>\n\t\t\t\t<\/div>\n\t\t","protected":false},"excerpt":{"rendered":"<p>Opleiding: \u201cComposteren op school\u201d voor leerkrachten Afval verminderen wordt steeds populairder, maar hoe pak je dat aan met je leerlingen? Roept het ook enkele vraagtekens bij je op en twijfel [&hellip;]<\/p>\n","protected":false},"author":44,"featured_media":0,"parent":0,"menu_order":0,"comment_status":"closed","ping_status":"closed","template":"","meta":{"_bbp_topic_count":0,"_bbp_reply_count":0,"_bbp_total_topic_count":0,"_bbp_total_reply_count":0,"_bbp_voice_count":0,"_bbp_anonymous_reply_count":0,"_bbp_topic_count_hidden":0,"_bbp_reply_count_hidden":0,"_bbp_forum_subforum_count":0,"site-sidebar-layout":"no-sidebar","site-content-layout":"page-builder","ast-site-content-layout":"default","site-content-style":"default","site-sidebar-style":"default","ast-global-header-display":"","ast-banner-title-visibility":"","ast-main-header-display":"","ast-hfb-above-header-display":"","ast-hfb-below-header-display":"","ast-hfb-mobile-header-display":"","site-post-title":"disabled","ast-breadcrumbs-content":"","ast-featured-img":"disabled","footer-sml-layout":"","ast-disable-related-posts":"","theme-transparent-header-meta":"default","adv-header-id-meta":"","stick-header-meta":"","header-above-stick-meta":"","header-main-stick-meta":"","header-below-stick-meta":"","astra-migrate-meta-layouts":"default","ast-page-background-enabled":"default","ast-page-background-meta":{"desktop":{"background-color":"","background-image":"","background-repeat":"repeat","background-position":"center center","background-size":"auto","background-attachment":"scroll","background-type":"","background-media":"","overlay-type":"","overlay-color":"","overlay-opacity":"","overlay-gradient":""},"tablet":{"background-color":"","background-image":"","background-repeat":"repeat","background-position":"center center","background-size":"auto","background-attachment":"scroll","background-type":"","background-media":"","overlay-type":"","overlay-color":"","overlay-opacity":"","overlay-gradient":""},"mobile":{"background-color":"","background-image":"","background-repeat":"repeat","background-position":"center center","background-size":"auto","background-attachment":"scroll","background-type":"","background-media":"","overlay-type":"","overlay-color":"","overlay-opacity":"","overlay-gradient":""}},"ast-content-background-meta":{"desktop":{"background-color":"var(--ast-global-color-5)","background-image":"","background-repeat":"repeat","background-position":"center center","background-size":"auto","background-attachment":"scroll","background-type":"","background-media":"","overlay-type":"","overlay-color":"","overlay-opacity":"","overlay-gradient":""},"tablet":{"background-color":"var(--ast-global-color-5)","background-image":"","background-repeat":"repeat","background-position":"center center","background-size":"auto","background-attachment":"scroll","background-type":"","background-media":"","overlay-type":"","overlay-color":"","overlay-opacity":"","overlay-gradient":""},"mobile":{"background-color":"var(--ast-global-color-5)","background-image":"","background-repeat":"repeat","background-position":"center center","background-size":"auto","background-attachment":"scroll","background-type":"","background-media":"","overlay-type":"","overlay-color":"","overlay-opacity":"","overlay-gradient":""}},"footnotes":""},"class_list":["post-6434","page","type-page","status-publish","hentry"],"yoast_head":"<!-- This site is optimized with the Yoast SEO plugin v27.5 - https:\/\/yoast.com\/product\/yoast-seo-wordpress\/ -->\n<title>Opleiding: Af van afval - Hoe pak je dat aan op school? | WORMS asbl<\/title>\n<meta name=\"description\" content=\"Afval verminderen wordt steeds populairder, maar hoe pak je dat aan met je leerlingen? Roept het ook enkele vraagtekens bij je op en twijfel je over de haalbaarheid ervan op school?\" \/>\n<meta name=\"robots\" content=\"index, follow, max-snippet:-1, max-image-preview:large, max-video-preview:-1\" \/>\n<link rel=\"canonical\" href=\"https:\/\/www.wormsasbl.org\/formation-enseignants\/\" \/>\n<meta property=\"og:locale\" content=\"nl_NL\" \/>\n<meta property=\"og:type\" content=\"article\" \/>\n<meta property=\"og:title\" content=\"Opleiding: Af van afval - Hoe pak je dat aan op school? | WORMS asbl\" \/>\n<meta property=\"og:description\" content=\"Afval verminderen wordt steeds populairder, maar hoe pak je dat aan met je leerlingen? Roept het ook enkele vraagtekens bij je op en twijfel je over de haalbaarheid ervan op school?\" \/>\n<meta property=\"og:url\" content=\"https:\/\/www.wormsasbl.org\/formation-enseignants\/\" \/>\n<meta property=\"og:site_name\" content=\"WORMS asbl\" \/>\n<meta property=\"article:publisher\" content=\"https:\/\/www.facebook.com\/WORMSasbl\/\" \/>\n<meta property=\"article:modified_time\" content=\"2026-03-23T10:36:21+00:00\" \/>\n<meta property=\"og:image\" content=\"https:\/\/www.wormsasbl.org\/wp-content\/uploads\/2023\/04\/Logo-Worms.png\" \/>\n\t<meta property=\"og:image:width\" content=\"1008\" \/>\n\t<meta property=\"og:image:height\" content=\"258\" \/>\n\t<meta property=\"og:image:type\" content=\"image\/png\" \/>\n<meta name=\"twitter:card\" content=\"summary_large_image\" \/>\n<meta name=\"twitter:label1\" content=\"Geschatte leestijd\" \/>\n\t<meta name=\"twitter:data1\" content=\"2 minuten\" \/>\n<script type=\"application\/ld+json\" class=\"yoast-schema-graph\">{\"@context\":\"https:\\\/\\\/schema.org\",\"@graph\":[{\"@type\":\"WebPage\",\"@id\":\"https:\\\/\\\/www.wormsasbl.org\\\/formation-enseignants\\\/\",\"url\":\"https:\\\/\\\/www.wormsasbl.org\\\/formation-enseignants\\\/\",\"name\":\"Opleiding: Af van afval - Hoe pak je dat aan op school? | WORMS asbl\",\"isPartOf\":{\"@id\":\"https:\\\/\\\/www.wormsasbl.org\\\/#website\"},\"datePublished\":\"2021-05-18T20:15:05+00:00\",\"dateModified\":\"2026-03-23T10:36:21+00:00\",\"description\":\"Afval verminderen wordt steeds populairder, maar hoe pak je dat aan met je leerlingen? Roept het ook enkele vraagtekens bij je op en twijfel je over de haalbaarheid ervan op school?\",\"breadcrumb\":{\"@id\":\"https:\\\/\\\/www.wormsasbl.org\\\/formation-enseignants\\\/#breadcrumb\"},\"inLanguage\":\"nl-NL\",\"potentialAction\":[{\"@type\":\"ReadAction\",\"target\":[\"https:\\\/\\\/www.wormsasbl.org\\\/formation-enseignants\\\/\"]}]},{\"@type\":\"BreadcrumbList\",\"@id\":\"https:\\\/\\\/www.wormsasbl.org\\\/formation-enseignants\\\/#breadcrumb\",\"itemListElement\":[{\"@type\":\"ListItem\",\"position\":1,\"name\":\"Accueil\",\"item\":\"https:\\\/\\\/www.wormsasbl.org\\\/\"},{\"@type\":\"ListItem\",\"position\":2,\"name\":\"Opleiding: Af van afval &#8211; Hoe pak je dat aan op school?\"}]},{\"@type\":\"WebSite\",\"@id\":\"https:\\\/\\\/www.wormsasbl.org\\\/#website\",\"url\":\"https:\\\/\\\/www.wormsasbl.org\\\/\",\"name\":\"WORMS asbl\",\"description\":\"\u00c0 vos c\u00f4t\u00e9s pour composter\",\"publisher\":{\"@id\":\"https:\\\/\\\/www.wormsasbl.org\\\/#organization\"},\"potentialAction\":[{\"@type\":\"SearchAction\",\"target\":{\"@type\":\"EntryPoint\",\"urlTemplate\":\"https:\\\/\\\/www.wormsasbl.org\\\/?s={search_term_string}\"},\"query-input\":{\"@type\":\"PropertyValueSpecification\",\"valueRequired\":true,\"valueName\":\"search_term_string\"}}],\"inLanguage\":\"nl-NL\"},{\"@type\":\"Organization\",\"@id\":\"https:\\\/\\\/www.wormsasbl.org\\\/#organization\",\"name\":\"WORMS asbl\",\"url\":\"https:\\\/\\\/www.wormsasbl.org\\\/\",\"logo\":{\"@type\":\"ImageObject\",\"inLanguage\":\"nl-NL\",\"@id\":\"https:\\\/\\\/www.wormsasbl.org\\\/#\\\/schema\\\/logo\\\/image\\\/\",\"url\":\"https:\\\/\\\/www.wormsasbl.org\\\/wp-content\\\/uploads\\\/2023\\\/04\\\/Logo-Worms.png\",\"contentUrl\":\"https:\\\/\\\/www.wormsasbl.org\\\/wp-content\\\/uploads\\\/2023\\\/04\\\/Logo-Worms.png\",\"width\":1008,\"height\":258,\"caption\":\"WORMS asbl\"},\"image\":{\"@id\":\"https:\\\/\\\/www.wormsasbl.org\\\/#\\\/schema\\\/logo\\\/image\\\/\"},\"sameAs\":[\"https:\\\/\\\/www.facebook.com\\\/WORMSasbl\\\/\",\"https:\\\/\\\/www.linkedin.com\\\/company\\\/worms-asbl\\\/\",\"https:\\\/\\\/www.youtube.com\\\/user\\\/wormsasbl\"]}]}<\/script>\n<!-- \/ Yoast SEO plugin. -->","yoast_head_json":{"title":"Opleiding: Af van afval - Hoe pak je dat aan op school? | WORMS asbl","description":"Afval verminderen wordt steeds populairder, maar hoe pak je dat aan met je leerlingen? Roept het ook enkele vraagtekens bij je op en twijfel je over de haalbaarheid ervan op school?","robots":{"index":"index","follow":"follow","max-snippet":"max-snippet:-1","max-image-preview":"max-image-preview:large","max-video-preview":"max-video-preview:-1"},"canonical":"https:\/\/www.wormsasbl.org\/formation-enseignants\/","og_locale":"nl_NL","og_type":"article","og_title":"Opleiding: Af van afval - Hoe pak je dat aan op school? | WORMS asbl","og_description":"Afval verminderen wordt steeds populairder, maar hoe pak je dat aan met je leerlingen? Roept het ook enkele vraagtekens bij je op en twijfel je over de haalbaarheid ervan op school?","og_url":"https:\/\/www.wormsasbl.org\/formation-enseignants\/","og_site_name":"WORMS asbl","article_publisher":"https:\/\/www.facebook.com\/WORMSasbl\/","article_modified_time":"2026-03-23T10:36:21+00:00","og_image":[{"width":1008,"height":258,"url":"https:\/\/www.wormsasbl.org\/wp-content\/uploads\/2023\/04\/Logo-Worms.png","type":"image\/png"}],"twitter_card":"summary_large_image","twitter_misc":{"Geschatte leestijd":"2 minuten"},"schema":{"@context":"https:\/\/schema.org","@graph":[{"@type":"WebPage","@id":"https:\/\/www.wormsasbl.org\/formation-enseignants\/","url":"https:\/\/www.wormsasbl.org\/formation-enseignants\/","name":"Opleiding: Af van afval - Hoe pak je dat aan op school? | WORMS asbl","isPartOf":{"@id":"https:\/\/www.wormsasbl.org\/#website"},"datePublished":"2021-05-18T20:15:05+00:00","dateModified":"2026-03-23T10:36:21+00:00","description":"Afval verminderen wordt steeds populairder, maar hoe pak je dat aan met je leerlingen? Roept het ook enkele vraagtekens bij je op en twijfel je over de haalbaarheid ervan op school?","breadcrumb":{"@id":"https:\/\/www.wormsasbl.org\/formation-enseignants\/#breadcrumb"},"inLanguage":"nl-NL","potentialAction":[{"@type":"ReadAction","target":["https:\/\/www.wormsasbl.org\/formation-enseignants\/"]}]},{"@type":"BreadcrumbList","@id":"https:\/\/www.wormsasbl.org\/formation-enseignants\/#breadcrumb","itemListElement":[{"@type":"ListItem","position":1,"name":"Accueil","item":"https:\/\/www.wormsasbl.org\/"},{"@type":"ListItem","position":2,"name":"Opleiding: Af van afval &#8211; Hoe pak je dat aan op school?"}]},{"@type":"WebSite","@id":"https:\/\/www.wormsasbl.org\/#website","url":"https:\/\/www.wormsasbl.org\/","name":"WORMS asbl","description":"\u00c0 vos c\u00f4t\u00e9s pour composter","publisher":{"@id":"https:\/\/www.wormsasbl.org\/#organization"},"potentialAction":[{"@type":"SearchAction","target":{"@type":"EntryPoint","urlTemplate":"https:\/\/www.wormsasbl.org\/?s={search_term_string}"},"query-input":{"@type":"PropertyValueSpecification","valueRequired":true,"valueName":"search_term_string"}}],"inLanguage":"nl-NL"},{"@type":"Organization","@id":"https:\/\/www.wormsasbl.org\/#organization","name":"WORMS asbl","url":"https:\/\/www.wormsasbl.org\/","logo":{"@type":"ImageObject","inLanguage":"nl-NL","@id":"https:\/\/www.wormsasbl.org\/#\/schema\/logo\/image\/","url":"https:\/\/www.wormsasbl.org\/wp-content\/uploads\/2023\/04\/Logo-Worms.png","contentUrl":"https:\/\/www.wormsasbl.org\/wp-content\/uploads\/2023\/04\/Logo-Worms.png","width":1008,"height":258,"caption":"WORMS asbl"},"image":{"@id":"https:\/\/www.wormsasbl.org\/#\/schema\/logo\/image\/"},"sameAs":["https:\/\/www.facebook.com\/WORMSasbl\/","https:\/\/www.linkedin.com\/company\/worms-asbl\/","https:\/\/www.youtube.com\/user\/wormsasbl"]}]}},"_links":{"self":[{"href":"https:\/\/www.wormsasbl.org\/nl\/wp-json\/wp\/v2\/pages\/6434","targetHints":{"allow":["GET"]}}],"collection":[{"href":"https:\/\/www.wormsasbl.org\/nl\/wp-json\/wp\/v2\/pages"}],"about":[{"href":"https:\/\/www.wormsasbl.org\/nl\/wp-json\/wp\/v2\/types\/page"}],"author":[{"embeddable":true,"href":"https:\/\/www.wormsasbl.org\/nl\/wp-json\/wp\/v2\/users\/44"}],"replies":[{"embeddable":true,"href":"https:\/\/www.wormsasbl.org\/nl\/wp-json\/wp\/v2\/comments?post=6434"}],"version-history":[{"count":3,"href":"https:\/\/www.wormsasbl.org\/nl\/wp-json\/wp\/v2\/pages\/6434\/revisions"}],"predecessor-version":[{"id":33958,"href":"https:\/\/www.wormsasbl.org\/nl\/wp-json\/wp\/v2\/pages\/6434\/revisions\/33958"}],"wp:attachment":[{"href":"https:\/\/www.wormsasbl.org\/nl\/wp-json\/wp\/v2\/media?parent=6434"}],"curies":[{"name":"wp","href":"https:\/\/api.w.org\/{rel}","templated":true}]}}