{"id":6412,"date":"2021-09-16T18:42:50","date_gmt":"2021-09-16T16:42:50","guid":{"rendered":"https:\/\/dev.wormsasbl.org\/formation-composts-collectifs\/"},"modified":"2025-09-10T15:43:03","modified_gmt":"2025-09-10T13:43:03","slug":"opleiding-collectieve-composten","status":"publish","type":"page","link":"https:\/\/www.wormsasbl.org\/nl\/opleiding-collectieve-composten\/","title":{"rendered":"Opleiding: Collectieve Composten"},"content":{"rendered":"\t\t<div data-elementor-type=\"wp-page\" data-elementor-id=\"6412\" class=\"elementor elementor-6412 elementor-3609\" data-elementor-post-type=\"page\">\n\t\t\t\t\t\t<section class=\"elementor-section elementor-top-section elementor-element elementor-element-4b5c100 elementor-section-boxed elementor-section-height-default elementor-section-height-default\" data-id=\"4b5c100\" data-element_type=\"section\" data-e-type=\"section\">\n\t\t\t\t\t\t<div class=\"elementor-container elementor-column-gap-default\">\n\t\t\t\t\t<div class=\"elementor-column elementor-col-50 elementor-top-column elementor-element elementor-element-7a0b9a5\" data-id=\"7a0b9a5\" data-element_type=\"column\" data-e-type=\"column\">\n\t\t\t<div class=\"elementor-widget-wrap elementor-element-populated\">\n\t\t\t\t\t\t<div class=\"elementor-element elementor-element-05d9344 elementor-widget elementor-widget-heading\" data-id=\"05d9344\" data-element_type=\"widget\" data-e-type=\"widget\" data-widget_type=\"heading.default\">\n\t\t\t\t<div class=\"elementor-widget-container\">\n\t\t\t\t\t<h1 class=\"elementor-heading-title elementor-size-default\">Opleiding: Collectieve compost<\/h1>\t\t\t\t<\/div>\n\t\t\t\t<\/div>\n\t\t\t\t<div class=\"elementor-element elementor-element-5ce364d elementor-widget elementor-widget-heading\" data-id=\"5ce364d\" data-element_type=\"widget\" data-e-type=\"widget\" data-widget_type=\"heading.default\">\n\t\t\t\t<div class=\"elementor-widget-container\">\n\t\t\t\t\t<h2 class=\"elementor-heading-title elementor-size-default\">Een collectieve compost installeren en beheren\n<\/h2>\t\t\t\t<\/div>\n\t\t\t\t<\/div>\n\t\t\t\t<div class=\"elementor-element elementor-element-4032887 elementor-widget elementor-widget-text-editor\" data-id=\"4032887\" data-element_type=\"widget\" data-e-type=\"widget\" data-widget_type=\"text-editor.default\">\n\t\t\t\t<div class=\"elementor-widget-container\">\n\t\t\t\t\t\t\t\t\t<p>Wilt u een collectieve compost beginnen met uw buren, op de school van uw kinderen of in uw bedrijf? Kent u een terrein dat gebruikt zou kunnen worden voor het plaatsen van compostbakken?&nbsp;<\/p>\n<p>Kom en volg <strong>deze gratis 2,5 uur cursus<\/strong> en vertrek met alle basiskennis die je nodig hebt om aan de slag te gaan!<\/p>\n<p><strong>Geen voorkennis nodig.<\/strong> Deze cursus geeft u alle informatie die u nodig hebt om een collectieve compost op te zetten en te beheren.<\/p>\n<p>Kijk op onze <a href=\"https:\/\/www.wormsasbl.org\/nos-formations\/#calendrierdeformation\">kalender<\/a> voor komende opleidingsdata.<\/p>\n<p><strong>Op het programma :<\/strong><\/p>\n<ul>\n<li>De basisregelens van compostering: van het deponeren van organisch materiaal tot het gebruik van rijpe compost en het hele afbraakproces.<\/li>\n<li>Het beheer van een collectieve composteerplaats<\/li>\n<li>Het benodige materiaal<\/li>\n<li>Begrotingen en mogelijke financiering, zoals de projectoproep <a href=\"https:\/\/vooruitmetdewijk.brussels\/\" target=\"_blank\" rel=\"noopener\">Vooruit met de Wijk<\/a> van Leefmilieu Brussel&nbsp;<\/li>\n<li>Wetgeving betreffende collectieve composteerplaatsen<\/li>\n<li>Een collectieve composteerplaats bouwen: de grondbeginselen<\/li>\n<\/ul>\t\t\t\t\t\t\t\t<\/div>\n\t\t\t\t<\/div>\n\t\t\t\t\t<\/div>\n\t\t<\/div>\n\t\t\t\t<div class=\"elementor-column elementor-col-50 elementor-top-column elementor-element elementor-element-9a0b813\" data-id=\"9a0b813\" data-element_type=\"column\" data-e-type=\"column\">\n\t\t\t<div class=\"elementor-widget-wrap elementor-element-populated\">\n\t\t\t\t\t\t<div class=\"elementor-element elementor-element-1c0a584 elementor-widget elementor-widget-image\" data-id=\"1c0a584\" data-element_type=\"widget\" data-e-type=\"widget\" data-widget_type=\"image.default\">\n\t\t\t\t<div class=\"elementor-widget-container\">\n\t\t\t\t\t\t\t\t\t\t\t\t\t\t\t<img fetchpriority=\"high\" decoding=\"async\" width=\"1024\" height=\"683\" src=\"https:\/\/www.wormsasbl.org\/wp-content\/uploads\/2021\/02\/CQMC-1024x683.jpg\" class=\"attachment-large size-large wp-image-5520\" alt=\"\" srcset=\"https:\/\/www.wormsasbl.org\/wp-content\/uploads\/2021\/02\/CQMC-1024x683.jpg 1024w, https:\/\/www.wormsasbl.org\/wp-content\/uploads\/2021\/02\/CQMC-300x200.jpg 300w, https:\/\/www.wormsasbl.org\/wp-content\/uploads\/2021\/02\/CQMC-768x512.jpg 768w, https:\/\/www.wormsasbl.org\/wp-content\/uploads\/2021\/02\/CQMC-1536x1024.jpg 1536w, https:\/\/www.wormsasbl.org\/wp-content\/uploads\/2021\/02\/CQMC-16x12.jpg 16w, https:\/\/www.wormsasbl.org\/wp-content\/uploads\/2021\/02\/CQMC.jpg 1920w\" sizes=\"(max-width: 1024px) 100vw, 1024px\" \/>\t\t\t\t\t\t\t\t\t\t\t\t\t\t\t<\/div>\n\t\t\t\t<\/div>\n\t\t\t\t\t<\/div>\n\t\t<\/div>\n\t\t\t\t\t<\/div>\n\t\t<\/section>\n\t\t\t\t<section class=\"elementor-section elementor-top-section elementor-element elementor-element-9db4523 elementor-section-boxed elementor-section-height-default elementor-section-height-default\" data-id=\"9db4523\" data-element_type=\"section\" data-e-type=\"section\">\n\t\t\t\t\t\t<div class=\"elementor-container elementor-column-gap-default\">\n\t\t\t\t\t<div class=\"elementor-column elementor-col-100 elementor-top-column elementor-element elementor-element-881dd88\" data-id=\"881dd88\" data-element_type=\"column\" data-e-type=\"column\">\n\t\t\t<div class=\"elementor-widget-wrap elementor-element-populated\">\n\t\t\t\t\t\t<div class=\"elementor-element elementor-element-22f57ba elementor-widget elementor-widget-text-editor\" data-id=\"22f57ba\" data-element_type=\"widget\" data-e-type=\"widget\" data-widget_type=\"text-editor.default\">\n\t\t\t\t<div class=\"elementor-widget-container\">\n\t\t\t\t\t\t\t\t\t<p>Als u op de hoogte wilt blijven van onze activiteiten, kunt u terecht op onze <a href=\"https:\/\/www.facebook.com\/WORMSasbl\" target=\"_blank\" rel=\"noopener\">Facebookpagina<\/a>.<\/p>\t\t\t\t\t\t\t\t<\/div>\n\t\t\t\t<\/div>\n\t\t\t\t\t<\/div>\n\t\t<\/div>\n\t\t\t\t\t<\/div>\n\t\t<\/section>\n\t\t\t\t<section class=\"elementor-section elementor-top-section elementor-element elementor-element-d4dc20c elementor-section-boxed elementor-section-height-default elementor-section-height-default\" data-id=\"d4dc20c\" data-element_type=\"section\" data-e-type=\"section\">\n\t\t\t\t\t\t<div class=\"elementor-container elementor-column-gap-default\">\n\t\t\t\t\t<div class=\"elementor-column elementor-col-100 elementor-top-column elementor-element elementor-element-ccb1a29\" data-id=\"ccb1a29\" data-element_type=\"column\" data-e-type=\"column\">\n\t\t\t<div class=\"elementor-widget-wrap elementor-element-populated\">\n\t\t\t\t\t\t<div class=\"elementor-element elementor-element-4665f0d elementor-position-left elementor-vertical-align-middle elementor-widget elementor-widget-image-box\" data-id=\"4665f0d\" data-element_type=\"widget\" data-e-type=\"widget\" data-widget_type=\"image-box.default\">\n\t\t\t\t<div class=\"elementor-widget-container\">\n\t\t\t\t\t<div class=\"elementor-image-box-wrapper\"><figure class=\"elementor-image-box-img\"><img decoding=\"async\" width=\"1708\" height=\"917\" src=\"https:\/\/www.wormsasbl.org\/wp-content\/uploads\/2021\/05\/ILLU_NouveauLogoBIL-4.png\" class=\"attachment-full size-full wp-image-3147\" alt=\"logo BE_bilingue\" srcset=\"https:\/\/www.wormsasbl.org\/wp-content\/uploads\/2021\/05\/ILLU_NouveauLogoBIL-4.png 1708w, https:\/\/www.wormsasbl.org\/wp-content\/uploads\/2021\/05\/ILLU_NouveauLogoBIL-4-300x161.png 300w, https:\/\/www.wormsasbl.org\/wp-content\/uploads\/2021\/05\/ILLU_NouveauLogoBIL-4-1024x550.png 1024w, https:\/\/www.wormsasbl.org\/wp-content\/uploads\/2021\/05\/ILLU_NouveauLogoBIL-4-768x412.png 768w, https:\/\/www.wormsasbl.org\/wp-content\/uploads\/2021\/05\/ILLU_NouveauLogoBIL-4-1536x825.png 1536w, https:\/\/www.wormsasbl.org\/wp-content\/uploads\/2021\/05\/ILLU_NouveauLogoBIL-4-16x9.png 16w, https:\/\/www.wormsasbl.org\/wp-content\/uploads\/2021\/05\/ILLU_NouveauLogoBIL-4-279x150.png 279w, https:\/\/www.wormsasbl.org\/wp-content\/uploads\/2021\/05\/ILLU_NouveauLogoBIL-4-224x120.png 224w\" sizes=\"(max-width: 1708px) 100vw, 1708px\" \/><\/figure><div class=\"elementor-image-box-content\"><p class=\"elementor-image-box-description\">Deze opleiding wordt gefinancierd door <a href=\"https:\/\/leefmilieu.brussels\/themas\/zero-afval\/advies\/afval-verwerken\/ik-composteer-mijn-organisch-afval\">Leefmilieu Brussel<\/a><\/p><\/div><\/div>\t\t\t\t<\/div>\n\t\t\t\t<\/div>\n\t\t\t\t\t<\/div>\n\t\t<\/div>\n\t\t\t\t\t<\/div>\n\t\t<\/section>\n\t\t\t\t<section class=\"elementor-section elementor-top-section elementor-element elementor-element-3940b3b elementor-section-boxed elementor-section-height-default elementor-section-height-default\" data-id=\"3940b3b\" data-element_type=\"section\" data-e-type=\"section\">\n\t\t\t\t\t\t<div class=\"elementor-container elementor-column-gap-default\">\n\t\t\t\t\t<div class=\"elementor-column elementor-col-100 elementor-top-column elementor-element elementor-element-0eb0143\" data-id=\"0eb0143\" data-element_type=\"column\" data-e-type=\"column\">\n\t\t\t<div class=\"elementor-widget-wrap\">\n\t\t\t\t\t\t\t<\/div>\n\t\t<\/div>\n\t\t\t\t\t<\/div>\n\t\t<\/section>\n\t\t\t\t<\/div>\n\t\t","protected":false},"excerpt":{"rendered":"<p>Opleiding: Collectieve compost Een collectieve compost installeren en beheren Wilt u een collectieve compost beginnen met uw buren, op de school van uw kinderen of in uw bedrijf? Kent u [&hellip;]<\/p>\n","protected":false},"author":44,"featured_media":0,"parent":0,"menu_order":0,"comment_status":"closed","ping_status":"closed","template":"","meta":{"_bbp_topic_count":0,"_bbp_reply_count":0,"_bbp_total_topic_count":0,"_bbp_total_reply_count":0,"_bbp_voice_count":0,"_bbp_anonymous_reply_count":0,"_bbp_topic_count_hidden":0,"_bbp_reply_count_hidden":0,"_bbp_forum_subforum_count":0,"site-sidebar-layout":"no-sidebar","site-content-layout":"page-builder","ast-site-content-layout":"full-width-container","site-content-style":"unboxed","site-sidebar-style":"unboxed","ast-global-header-display":"","ast-banner-title-visibility":"","ast-main-header-display":"","ast-hfb-above-header-display":"","ast-hfb-below-header-display":"","ast-hfb-mobile-header-display":"","site-post-title":"disabled","ast-breadcrumbs-content":"","ast-featured-img":"disabled","footer-sml-layout":"","ast-disable-related-posts":"","theme-transparent-header-meta":"default","adv-header-id-meta":"","stick-header-meta":"","header-above-stick-meta":"","header-main-stick-meta":"","header-below-stick-meta":"","astra-migrate-meta-layouts":"default","ast-page-background-enabled":"default","ast-page-background-meta":{"desktop":{"background-color":"","background-image":"","background-repeat":"repeat","background-position":"center center","background-size":"auto","background-attachment":"scroll","background-type":"","background-media":"","overlay-type":"","overlay-color":"","overlay-opacity":"","overlay-gradient":""},"tablet":{"background-color":"","background-image":"","background-repeat":"repeat","background-position":"center center","background-size":"auto","background-attachment":"scroll","background-type":"","background-media":"","overlay-type":"","overlay-color":"","overlay-opacity":"","overlay-gradient":""},"mobile":{"background-color":"","background-image":"","background-repeat":"repeat","background-position":"center center","background-size":"auto","background-attachment":"scroll","background-type":"","background-media":"","overlay-type":"","overlay-color":"","overlay-opacity":"","overlay-gradient":""}},"ast-content-background-meta":{"desktop":{"background-color":"var(--ast-global-color-5)","background-image":"","background-repeat":"repeat","background-position":"center center","background-size":"auto","background-attachment":"scroll","background-type":"","background-media":"","overlay-type":"","overlay-color":"","overlay-opacity":"","overlay-gradient":""},"tablet":{"background-color":"var(--ast-global-color-5)","background-image":"","background-repeat":"repeat","background-position":"center center","background-size":"auto","background-attachment":"scroll","background-type":"","background-media":"","overlay-type":"","overlay-color":"","overlay-opacity":"","overlay-gradient":""},"mobile":{"background-color":"var(--ast-global-color-5)","background-image":"","background-repeat":"repeat","background-position":"center center","background-size":"auto","background-attachment":"scroll","background-type":"","background-media":"","overlay-type":"","overlay-color":"","overlay-opacity":"","overlay-gradient":""}},"footnotes":""},"class_list":["post-6412","page","type-page","status-publish","hentry"],"yoast_head":"<!-- This site is optimized with the Yoast SEO plugin v27.5 - https:\/\/yoast.com\/product\/yoast-seo-wordpress\/ -->\n<title>Opleiding: Collectieve Composten | WORMS asbl<\/title>\n<meta name=\"description\" content=\"Wilt u een collectieve compostering beginnen met uw buren, op de school van uw kinderen, in uw bedrijf? Kent u een terrein dat gebruikt zou kunnen worden voor compostbakken? Kom en volg deze gratis 2,5 uur cursus en vertrek met alle basiskennis die je nodig hebt om aan de slag te gaan!\" \/>\n<meta name=\"robots\" content=\"index, follow, max-snippet:-1, max-image-preview:large, max-video-preview:-1\" \/>\n<link rel=\"canonical\" href=\"https:\/\/www.wormsasbl.org\/formation-compost-collectif\/\" \/>\n<meta property=\"og:locale\" content=\"nl_NL\" \/>\n<meta property=\"og:type\" content=\"article\" \/>\n<meta property=\"og:title\" content=\"Opleiding: Collectieve Composten | WORMS asbl\" \/>\n<meta property=\"og:description\" content=\"Wilt u een collectieve compostering beginnen met uw buren, op de school van uw kinderen, in uw bedrijf? Kent u een terrein dat gebruikt zou kunnen worden voor compostbakken? Kom en volg deze gratis 2,5 uur cursus en vertrek met alle basiskennis die je nodig hebt om aan de slag te gaan!\" \/>\n<meta property=\"og:url\" content=\"https:\/\/www.wormsasbl.org\/formation-compost-collectif\/\" \/>\n<meta property=\"og:site_name\" content=\"WORMS asbl\" \/>\n<meta property=\"article:publisher\" content=\"https:\/\/www.facebook.com\/WORMSasbl\/\" \/>\n<meta property=\"article:modified_time\" content=\"2025-09-10T13:43:03+00:00\" \/>\n<meta property=\"og:image\" content=\"https:\/\/www.wormsasbl.org\/wp-content\/uploads\/2021\/02\/CQMC.jpg\" \/>\n\t<meta property=\"og:image:width\" content=\"1920\" \/>\n\t<meta property=\"og:image:height\" content=\"1280\" \/>\n\t<meta property=\"og:image:type\" content=\"image\/jpeg\" \/>\n<meta name=\"twitter:card\" content=\"summary_large_image\" \/>\n<meta name=\"twitter:label1\" content=\"Geschatte leestijd\" \/>\n\t<meta name=\"twitter:data1\" content=\"2 minuten\" \/>\n<script type=\"application\/ld+json\" class=\"yoast-schema-graph\">{\"@context\":\"https:\\\/\\\/schema.org\",\"@graph\":[{\"@type\":\"WebPage\",\"@id\":\"https:\\\/\\\/www.wormsasbl.org\\\/formation-compost-collectif\\\/\",\"url\":\"https:\\\/\\\/www.wormsasbl.org\\\/formation-compost-collectif\\\/\",\"name\":\"Opleiding: Collectieve Composten | WORMS asbl\",\"isPartOf\":{\"@id\":\"https:\\\/\\\/www.wormsasbl.org\\\/#website\"},\"primaryImageOfPage\":{\"@id\":\"https:\\\/\\\/www.wormsasbl.org\\\/formation-compost-collectif\\\/#primaryimage\"},\"image\":{\"@id\":\"https:\\\/\\\/www.wormsasbl.org\\\/formation-compost-collectif\\\/#primaryimage\"},\"thumbnailUrl\":\"https:\\\/\\\/www.wormsasbl.org\\\/wp-content\\\/uploads\\\/2021\\\/02\\\/CQMC-1024x683.jpg\",\"datePublished\":\"2021-09-16T16:42:50+00:00\",\"dateModified\":\"2025-09-10T13:43:03+00:00\",\"description\":\"Wilt u een collectieve compostering beginnen met uw buren, op de school van uw kinderen, in uw bedrijf? Kent u een terrein dat gebruikt zou kunnen worden voor compostbakken? Kom en volg deze gratis 2,5 uur cursus en vertrek met alle basiskennis die je nodig hebt om aan de slag te gaan!\",\"breadcrumb\":{\"@id\":\"https:\\\/\\\/www.wormsasbl.org\\\/formation-compost-collectif\\\/#breadcrumb\"},\"inLanguage\":\"nl-NL\",\"potentialAction\":[{\"@type\":\"ReadAction\",\"target\":[\"https:\\\/\\\/www.wormsasbl.org\\\/formation-compost-collectif\\\/\"]}]},{\"@type\":\"ImageObject\",\"inLanguage\":\"nl-NL\",\"@id\":\"https:\\\/\\\/www.wormsasbl.org\\\/formation-compost-collectif\\\/#primaryimage\",\"url\":\"https:\\\/\\\/www.wormsasbl.org\\\/wp-content\\\/uploads\\\/2021\\\/02\\\/CQMC-1024x683.jpg\",\"contentUrl\":\"https:\\\/\\\/www.wormsasbl.org\\\/wp-content\\\/uploads\\\/2021\\\/02\\\/CQMC-1024x683.jpg\"},{\"@type\":\"BreadcrumbList\",\"@id\":\"https:\\\/\\\/www.wormsasbl.org\\\/formation-compost-collectif\\\/#breadcrumb\",\"itemListElement\":[{\"@type\":\"ListItem\",\"position\":1,\"name\":\"Accueil\",\"item\":\"https:\\\/\\\/www.wormsasbl.org\\\/\"},{\"@type\":\"ListItem\",\"position\":2,\"name\":\"Opleiding: Collectieve Composten\"}]},{\"@type\":\"WebSite\",\"@id\":\"https:\\\/\\\/www.wormsasbl.org\\\/#website\",\"url\":\"https:\\\/\\\/www.wormsasbl.org\\\/\",\"name\":\"WORMS asbl\",\"description\":\"\u00c0 vos c\u00f4t\u00e9s pour composter\",\"publisher\":{\"@id\":\"https:\\\/\\\/www.wormsasbl.org\\\/#organization\"},\"potentialAction\":[{\"@type\":\"SearchAction\",\"target\":{\"@type\":\"EntryPoint\",\"urlTemplate\":\"https:\\\/\\\/www.wormsasbl.org\\\/?s={search_term_string}\"},\"query-input\":{\"@type\":\"PropertyValueSpecification\",\"valueRequired\":true,\"valueName\":\"search_term_string\"}}],\"inLanguage\":\"nl-NL\"},{\"@type\":\"Organization\",\"@id\":\"https:\\\/\\\/www.wormsasbl.org\\\/#organization\",\"name\":\"WORMS asbl\",\"url\":\"https:\\\/\\\/www.wormsasbl.org\\\/\",\"logo\":{\"@type\":\"ImageObject\",\"inLanguage\":\"nl-NL\",\"@id\":\"https:\\\/\\\/www.wormsasbl.org\\\/#\\\/schema\\\/logo\\\/image\\\/\",\"url\":\"https:\\\/\\\/www.wormsasbl.org\\\/wp-content\\\/uploads\\\/2023\\\/04\\\/Logo-Worms.png\",\"contentUrl\":\"https:\\\/\\\/www.wormsasbl.org\\\/wp-content\\\/uploads\\\/2023\\\/04\\\/Logo-Worms.png\",\"width\":1008,\"height\":258,\"caption\":\"WORMS asbl\"},\"image\":{\"@id\":\"https:\\\/\\\/www.wormsasbl.org\\\/#\\\/schema\\\/logo\\\/image\\\/\"},\"sameAs\":[\"https:\\\/\\\/www.facebook.com\\\/WORMSasbl\\\/\",\"https:\\\/\\\/www.linkedin.com\\\/company\\\/worms-asbl\\\/\",\"https:\\\/\\\/www.youtube.com\\\/user\\\/wormsasbl\"]}]}<\/script>\n<!-- \/ Yoast SEO plugin. -->","yoast_head_json":{"title":"Opleiding: Collectieve Composten | WORMS asbl","description":"Wilt u een collectieve compostering beginnen met uw buren, op de school van uw kinderen, in uw bedrijf? Kent u een terrein dat gebruikt zou kunnen worden voor compostbakken? Kom en volg deze gratis 2,5 uur cursus en vertrek met alle basiskennis die je nodig hebt om aan de slag te gaan!","robots":{"index":"index","follow":"follow","max-snippet":"max-snippet:-1","max-image-preview":"max-image-preview:large","max-video-preview":"max-video-preview:-1"},"canonical":"https:\/\/www.wormsasbl.org\/formation-compost-collectif\/","og_locale":"nl_NL","og_type":"article","og_title":"Opleiding: Collectieve Composten | WORMS asbl","og_description":"Wilt u een collectieve compostering beginnen met uw buren, op de school van uw kinderen, in uw bedrijf? Kent u een terrein dat gebruikt zou kunnen worden voor compostbakken? Kom en volg deze gratis 2,5 uur cursus en vertrek met alle basiskennis die je nodig hebt om aan de slag te gaan!","og_url":"https:\/\/www.wormsasbl.org\/formation-compost-collectif\/","og_site_name":"WORMS asbl","article_publisher":"https:\/\/www.facebook.com\/WORMSasbl\/","article_modified_time":"2025-09-10T13:43:03+00:00","og_image":[{"width":1920,"height":1280,"url":"https:\/\/www.wormsasbl.org\/wp-content\/uploads\/2021\/02\/CQMC.jpg","type":"image\/jpeg"}],"twitter_card":"summary_large_image","twitter_misc":{"Geschatte leestijd":"2 minuten"},"schema":{"@context":"https:\/\/schema.org","@graph":[{"@type":"WebPage","@id":"https:\/\/www.wormsasbl.org\/formation-compost-collectif\/","url":"https:\/\/www.wormsasbl.org\/formation-compost-collectif\/","name":"Opleiding: Collectieve Composten | WORMS asbl","isPartOf":{"@id":"https:\/\/www.wormsasbl.org\/#website"},"primaryImageOfPage":{"@id":"https:\/\/www.wormsasbl.org\/formation-compost-collectif\/#primaryimage"},"image":{"@id":"https:\/\/www.wormsasbl.org\/formation-compost-collectif\/#primaryimage"},"thumbnailUrl":"https:\/\/www.wormsasbl.org\/wp-content\/uploads\/2021\/02\/CQMC-1024x683.jpg","datePublished":"2021-09-16T16:42:50+00:00","dateModified":"2025-09-10T13:43:03+00:00","description":"Wilt u een collectieve compostering beginnen met uw buren, op de school van uw kinderen, in uw bedrijf? Kent u een terrein dat gebruikt zou kunnen worden voor compostbakken? Kom en volg deze gratis 2,5 uur cursus en vertrek met alle basiskennis die je nodig hebt om aan de slag te gaan!","breadcrumb":{"@id":"https:\/\/www.wormsasbl.org\/formation-compost-collectif\/#breadcrumb"},"inLanguage":"nl-NL","potentialAction":[{"@type":"ReadAction","target":["https:\/\/www.wormsasbl.org\/formation-compost-collectif\/"]}]},{"@type":"ImageObject","inLanguage":"nl-NL","@id":"https:\/\/www.wormsasbl.org\/formation-compost-collectif\/#primaryimage","url":"https:\/\/www.wormsasbl.org\/wp-content\/uploads\/2021\/02\/CQMC-1024x683.jpg","contentUrl":"https:\/\/www.wormsasbl.org\/wp-content\/uploads\/2021\/02\/CQMC-1024x683.jpg"},{"@type":"BreadcrumbList","@id":"https:\/\/www.wormsasbl.org\/formation-compost-collectif\/#breadcrumb","itemListElement":[{"@type":"ListItem","position":1,"name":"Accueil","item":"https:\/\/www.wormsasbl.org\/"},{"@type":"ListItem","position":2,"name":"Opleiding: Collectieve Composten"}]},{"@type":"WebSite","@id":"https:\/\/www.wormsasbl.org\/#website","url":"https:\/\/www.wormsasbl.org\/","name":"WORMS asbl","description":"\u00c0 vos c\u00f4t\u00e9s pour composter","publisher":{"@id":"https:\/\/www.wormsasbl.org\/#organization"},"potentialAction":[{"@type":"SearchAction","target":{"@type":"EntryPoint","urlTemplate":"https:\/\/www.wormsasbl.org\/?s={search_term_string}"},"query-input":{"@type":"PropertyValueSpecification","valueRequired":true,"valueName":"search_term_string"}}],"inLanguage":"nl-NL"},{"@type":"Organization","@id":"https:\/\/www.wormsasbl.org\/#organization","name":"WORMS asbl","url":"https:\/\/www.wormsasbl.org\/","logo":{"@type":"ImageObject","inLanguage":"nl-NL","@id":"https:\/\/www.wormsasbl.org\/#\/schema\/logo\/image\/","url":"https:\/\/www.wormsasbl.org\/wp-content\/uploads\/2023\/04\/Logo-Worms.png","contentUrl":"https:\/\/www.wormsasbl.org\/wp-content\/uploads\/2023\/04\/Logo-Worms.png","width":1008,"height":258,"caption":"WORMS asbl"},"image":{"@id":"https:\/\/www.wormsasbl.org\/#\/schema\/logo\/image\/"},"sameAs":["https:\/\/www.facebook.com\/WORMSasbl\/","https:\/\/www.linkedin.com\/company\/worms-asbl\/","https:\/\/www.youtube.com\/user\/wormsasbl"]}]}},"_links":{"self":[{"href":"https:\/\/www.wormsasbl.org\/nl\/wp-json\/wp\/v2\/pages\/6412","targetHints":{"allow":["GET"]}}],"collection":[{"href":"https:\/\/www.wormsasbl.org\/nl\/wp-json\/wp\/v2\/pages"}],"about":[{"href":"https:\/\/www.wormsasbl.org\/nl\/wp-json\/wp\/v2\/types\/page"}],"author":[{"embeddable":true,"href":"https:\/\/www.wormsasbl.org\/nl\/wp-json\/wp\/v2\/users\/44"}],"replies":[{"embeddable":true,"href":"https:\/\/www.wormsasbl.org\/nl\/wp-json\/wp\/v2\/comments?post=6412"}],"version-history":[{"count":3,"href":"https:\/\/www.wormsasbl.org\/nl\/wp-json\/wp\/v2\/pages\/6412\/revisions"}],"predecessor-version":[{"id":32543,"href":"https:\/\/www.wormsasbl.org\/nl\/wp-json\/wp\/v2\/pages\/6412\/revisions\/32543"}],"wp:attachment":[{"href":"https:\/\/www.wormsasbl.org\/nl\/wp-json\/wp\/v2\/media?parent=6412"}],"curies":[{"name":"wp","href":"https:\/\/api.w.org\/{rel}","templated":true}]}}