{"id":6386,"date":"2021-02-16T18:02:37","date_gmt":"2021-02-16T17:02:37","guid":{"rendered":"https:\/\/dev.wormsasbl.org\/formation-bokashi\/"},"modified":"2025-09-10T15:49:43","modified_gmt":"2025-09-10T13:49:43","slug":"bokashi-opleiding","status":"publish","type":"page","link":"https:\/\/www.wormsasbl.org\/nl\/bokashi-opleiding\/","title":{"rendered":"Opleiding: Bokashi"},"content":{"rendered":"\t\t<div data-elementor-type=\"wp-page\" data-elementor-id=\"6386\" class=\"elementor elementor-6386 elementor-1114\" data-elementor-post-type=\"page\">\n\t\t\t\t\t\t<section class=\"elementor-section elementor-top-section elementor-element elementor-element-f045ecf elementor-section-boxed elementor-section-height-default elementor-section-height-default\" data-id=\"f045ecf\" data-element_type=\"section\" data-e-type=\"section\">\n\t\t\t\t\t\t<div class=\"elementor-container elementor-column-gap-default\">\n\t\t\t\t\t<div class=\"elementor-column elementor-col-50 elementor-top-column elementor-element elementor-element-0921669\" data-id=\"0921669\" data-element_type=\"column\" data-e-type=\"column\">\n\t\t\t<div class=\"elementor-widget-wrap elementor-element-populated\">\n\t\t\t\t\t\t<div class=\"elementor-element elementor-element-05d9344 elementor-widget elementor-widget-heading\" data-id=\"05d9344\" data-element_type=\"widget\" data-e-type=\"widget\" data-widget_type=\"heading.default\">\n\t\t\t\t<div class=\"elementor-widget-container\">\n\t\t\t\t\t<h1 class=\"elementor-heading-title elementor-size-default\">Opleiding: Bokashi<\/h1>\t\t\t\t<\/div>\n\t\t\t\t<\/div>\n\t\t\t\t<section class=\"elementor-section elementor-inner-section elementor-element elementor-element-bdebc31 elementor-section-boxed elementor-section-height-default elementor-section-height-default\" data-id=\"bdebc31\" data-element_type=\"section\" data-e-type=\"section\">\n\t\t\t\t\t\t<div class=\"elementor-container elementor-column-gap-default\">\n\t\t\t\t\t<div class=\"elementor-column elementor-col-100 elementor-inner-column elementor-element elementor-element-3852414\" data-id=\"3852414\" data-element_type=\"column\" data-e-type=\"column\">\n\t\t\t<div class=\"elementor-widget-wrap elementor-element-populated\">\n\t\t\t\t\t\t<div class=\"elementor-element elementor-element-5ce364d elementor-widget elementor-widget-heading\" data-id=\"5ce364d\" data-element_type=\"widget\" data-e-type=\"widget\" data-widget_type=\"heading.default\">\n\t\t\t\t<div class=\"elementor-widget-container\">\n\t\t\t\t\t<h2 class=\"elementor-heading-title elementor-size-default\">composteringstechniek voor binnen en buiten\n\n<\/h2>\t\t\t\t<\/div>\n\t\t\t\t<\/div>\n\t\t\t\t<div class=\"elementor-element elementor-element-4032887 elementor-widget elementor-widget-text-editor\" data-id=\"4032887\" data-element_type=\"widget\" data-e-type=\"widget\" data-widget_type=\"text-editor.default\">\n\t\t\t\t<div class=\"elementor-widget-container\">\n\t\t\t\t\t\t\t\t\t<p>Ontdek in deze opleiding, aangeboden door <b>Leefmilieu Brussel<\/b>, in<strong> 2 uur,\u00a0<\/strong>de Bokashi techniek en leer hoe u thuis al uw keukenafval kunt omvormen tot meststof.<\/p><p>Geen onaangename geurtjes, weinig werk, relatief snel en zeer doeltreffend omdat u er alles in kunt doen: rauw voedsel, gekookt voedsel, citrusvruchten&#8230; en zelfs voedselrestjes.<\/p><p>Opgelet, deze techniek vereist wel een plaats om het gegiste materiaal te begraven!<\/p>\t\t\t\t\t\t\t\t<\/div>\n\t\t\t\t<\/div>\n\t\t\t\t<div class=\"elementor-element elementor-element-6f57b78 elementor-widget elementor-widget-text-editor\" data-id=\"6f57b78\" data-element_type=\"widget\" data-e-type=\"widget\" data-widget_type=\"text-editor.default\">\n\t\t\t\t<div class=\"elementor-widget-container\">\n\t\t\t\t\t\t\t\t\t<p style=\"box-sizing: border-box; border: 0px; font-size: 16px; font-style: normal; font-weight: 400; margin: 0px 0px 1em; outline: 0px; padding: 0px; vertical-align: baseline; color: #5f695f; font-family: 'Open Sans', sans-serif; font-variant-ligatures: normal; font-variant-caps: normal; letter-spacing: normal; orphans: 2; text-align: start; text-indent: 0px; text-transform: none; white-space: normal; widows: 2; word-spacing: 0px; -webkit-text-stroke-width: 0px; background-color: #ffffff; text-decoration-thickness: initial; text-decoration-style: initial; text-decoration-color: initial;\"><span style=\"color: #000000;\"><strong style=\"box-sizing: border-box; border: 0px; font-size: 16px; font-style: inherit; font-weight: bold; margin: 0px; outline: 0px; padding: 0px; vertical-align: baseline;\">Op het programma :<\/strong><\/span><\/p>\t\t\t\t\t\t\t\t<\/div>\n\t\t\t\t<\/div>\n\t\t\t\t\t<\/div>\n\t\t<\/div>\n\t\t\t\t\t<\/div>\n\t\t<\/section>\n\t\t\t\t<div class=\"elementor-element elementor-element-980e1db elementor-icon-list--layout-traditional elementor-list-item-link-full_width elementor-widget elementor-widget-icon-list\" data-id=\"980e1db\" data-element_type=\"widget\" data-e-type=\"widget\" data-widget_type=\"icon-list.default\">\n\t\t\t\t<div class=\"elementor-widget-container\">\n\t\t\t\t\t\t\t<ul class=\"elementor-icon-list-items\">\n\t\t\t\t\t\t\t<li class=\"elementor-icon-list-item\">\n\t\t\t\t\t\t\t\t\t\t\t<span class=\"elementor-icon-list-icon\">\n\t\t\t\t\t\t\t<i aria-hidden=\"true\" class=\"fas fa-check\"><\/i>\t\t\t\t\t\t<\/span>\n\t\t\t\t\t\t\t\t\t\t<span class=\"elementor-icon-list-text\">Voedselresten &amp; fermentatie<\/span>\n\t\t\t\t\t\t\t\t\t<\/li>\n\t\t\t\t\t\t\t\t<li class=\"elementor-icon-list-item\">\n\t\t\t\t\t\t\t\t\t\t\t<span class=\"elementor-icon-list-icon\">\n\t\t\t\t\t\t\t<i aria-hidden=\"true\" class=\"fas fa-check\"><\/i>\t\t\t\t\t\t<\/span>\n\t\t\t\t\t\t\t\t\t\t<span class=\"elementor-icon-list-text\">Effici\u00ebnte micro-organismen (EM) en de Bokashi starter<\/span>\n\t\t\t\t\t\t\t\t\t<\/li>\n\t\t\t\t\t\t\t\t<li class=\"elementor-icon-list-item\">\n\t\t\t\t\t\t\t\t\t\t\t<span class=\"elementor-icon-list-icon\">\n\t\t\t\t\t\t\t<i aria-hidden=\"true\" class=\"fas fa-check\"><\/i>\t\t\t\t\t\t<\/span>\n\t\t\t\t\t\t\t\t\t\t<span class=\"elementor-icon-list-text\">Materiaal: gerecycleerd \/ aangekocht<\/span>\n\t\t\t\t\t\t\t\t\t<\/li>\n\t\t\t\t\t\t\t\t<li class=\"elementor-icon-list-item\">\n\t\t\t\t\t\t\t\t\t\t\t<span class=\"elementor-icon-list-icon\">\n\t\t\t\t\t\t\t<i aria-hidden=\"true\" class=\"fas fa-check\"><\/i>\t\t\t\t\t\t<\/span>\n\t\t\t\t\t\t\t\t\t\t<span class=\"elementor-icon-list-text\">De 3 stappen: Vullen, fermenteren\/gisten, mengen met aarde<\/span>\n\t\t\t\t\t\t\t\t\t<\/li>\n\t\t\t\t\t\t\t\t<li class=\"elementor-icon-list-item\">\n\t\t\t\t\t\t\t\t\t\t\t<span class=\"elementor-icon-list-icon\">\n\t\t\t\t\t\t\t<i aria-hidden=\"true\" class=\"fas fa-question\"><\/i>\t\t\t\t\t\t<\/span>\n\t\t\t\t\t\t\t\t\t\t<span class=\"elementor-icon-list-text\">Vragen\/Antwoorden<\/span>\n\t\t\t\t\t\t\t\t\t<\/li>\n\t\t\t\t\t\t<\/ul>\n\t\t\t\t\t\t<\/div>\n\t\t\t\t<\/div>\n\t\t\t\t\t<\/div>\n\t\t<\/div>\n\t\t\t\t<div class=\"elementor-column elementor-col-50 elementor-top-column elementor-element elementor-element-2dd00fa\" data-id=\"2dd00fa\" data-element_type=\"column\" data-e-type=\"column\">\n\t\t\t<div class=\"elementor-widget-wrap elementor-element-populated\">\n\t\t\t\t\t\t<div class=\"elementor-element elementor-element-7879c4a elementor-widget elementor-widget-image\" data-id=\"7879c4a\" data-element_type=\"widget\" data-e-type=\"widget\" data-widget_type=\"image.default\">\n\t\t\t\t<div class=\"elementor-widget-container\">\n\t\t\t\t\t\t\t\t\t\t\t\t\t\t\t<img fetchpriority=\"high\" decoding=\"async\" width=\"1024\" height=\"683\" src=\"https:\/\/www.wormsasbl.org\/wp-content\/uploads\/2021\/04\/bokashi.jpeg\" class=\"attachment-large size-large wp-image-5642\" alt=\"bokashi\" srcset=\"https:\/\/www.wormsasbl.org\/wp-content\/uploads\/2021\/04\/bokashi.jpeg 1024w, https:\/\/www.wormsasbl.org\/wp-content\/uploads\/2021\/04\/bokashi-300x200.jpeg 300w, https:\/\/www.wormsasbl.org\/wp-content\/uploads\/2021\/04\/bokashi-768x512.jpeg 768w, https:\/\/www.wormsasbl.org\/wp-content\/uploads\/2021\/04\/bokashi-120x80.jpeg 120w, https:\/\/www.wormsasbl.org\/wp-content\/uploads\/2021\/04\/bokashi-16x12.jpeg 16w, https:\/\/www.wormsasbl.org\/wp-content\/uploads\/2021\/04\/bokashi-225x150.jpeg 225w, https:\/\/www.wormsasbl.org\/wp-content\/uploads\/2021\/04\/bokashi-180x120.jpeg 180w\" sizes=\"(max-width: 1024px) 100vw, 1024px\" \/>\t\t\t\t\t\t\t\t\t\t\t\t\t\t\t<\/div>\n\t\t\t\t<\/div>\n\t\t\t\t\t<\/div>\n\t\t<\/div>\n\t\t\t\t\t<\/div>\n\t\t<\/section>\n\t\t\t\t<section class=\"elementor-section elementor-top-section elementor-element elementor-element-d4dc20c elementor-section-boxed elementor-section-height-default elementor-section-height-default\" data-id=\"d4dc20c\" data-element_type=\"section\" data-e-type=\"section\">\n\t\t\t\t\t\t<div class=\"elementor-container elementor-column-gap-default\">\n\t\t\t\t\t<div class=\"elementor-column elementor-col-100 elementor-top-column elementor-element elementor-element-ccb1a29\" data-id=\"ccb1a29\" data-element_type=\"column\" data-e-type=\"column\">\n\t\t\t<div class=\"elementor-widget-wrap elementor-element-populated\">\n\t\t\t\t\t\t<div class=\"elementor-element elementor-element-988719c elementor-widget elementor-widget-text-editor\" data-id=\"988719c\" data-element_type=\"widget\" data-e-type=\"widget\" data-widget_type=\"text-editor.default\">\n\t\t\t\t<div class=\"elementor-widget-container\">\n\t\t\t\t\t\t\t\t\t<p>Deze gratis cursus zal u de kennis geven die u nodig hebt om uw bokashi te beginnen of te verbeteren.<\/p><p><strong>Er is geen voorkennis vereist.<\/strong><\/p><p>Kijk op onze <a href=\"https:\/\/www.wormsasbl.org\/nl\/nos-formations\/#calendrierdeformation\">kalender<\/a> voor komende opleidingsdata.<\/p><p>Als u op de hoogte wilt blijven van onze activiteiten, kunt u ook terecht op onze <a href=\"https:\/\/www.facebook.com\/WORMSasbl\" target=\"_blank\" rel=\"noopener\">Facebookpagina<\/a>.<\/p>\t\t\t\t\t\t\t\t<\/div>\n\t\t\t\t<\/div>\n\t\t\t\t\t<\/div>\n\t\t<\/div>\n\t\t\t\t\t<\/div>\n\t\t<\/section>\n\t\t\t\t<section class=\"elementor-section elementor-top-section elementor-element elementor-element-3940b3b elementor-section-boxed elementor-section-height-default elementor-section-height-default\" data-id=\"3940b3b\" data-element_type=\"section\" data-e-type=\"section\">\n\t\t\t\t\t\t<div class=\"elementor-container elementor-column-gap-default\">\n\t\t\t\t\t<div class=\"elementor-column elementor-col-100 elementor-top-column elementor-element elementor-element-0eb0143\" data-id=\"0eb0143\" data-element_type=\"column\" data-e-type=\"column\">\n\t\t\t<div class=\"elementor-widget-wrap elementor-element-populated\">\n\t\t\t\t\t\t<div class=\"elementor-element elementor-element-980978e elementor-position-left elementor-vertical-align-middle elementor-widget elementor-widget-image-box\" data-id=\"980978e\" data-element_type=\"widget\" data-e-type=\"widget\" data-widget_type=\"image-box.default\">\n\t\t\t\t<div class=\"elementor-widget-container\">\n\t\t\t\t\t<div class=\"elementor-image-box-wrapper\"><figure class=\"elementor-image-box-img\"><img decoding=\"async\" width=\"1708\" height=\"917\" src=\"https:\/\/www.wormsasbl.org\/wp-content\/uploads\/2021\/05\/ILLU_NouveauLogoBIL-4.png\" class=\"attachment-full size-full wp-image-3147\" alt=\"logo BE_bilingue\" srcset=\"https:\/\/www.wormsasbl.org\/wp-content\/uploads\/2021\/05\/ILLU_NouveauLogoBIL-4.png 1708w, https:\/\/www.wormsasbl.org\/wp-content\/uploads\/2021\/05\/ILLU_NouveauLogoBIL-4-300x161.png 300w, https:\/\/www.wormsasbl.org\/wp-content\/uploads\/2021\/05\/ILLU_NouveauLogoBIL-4-1024x550.png 1024w, https:\/\/www.wormsasbl.org\/wp-content\/uploads\/2021\/05\/ILLU_NouveauLogoBIL-4-768x412.png 768w, https:\/\/www.wormsasbl.org\/wp-content\/uploads\/2021\/05\/ILLU_NouveauLogoBIL-4-1536x825.png 1536w, https:\/\/www.wormsasbl.org\/wp-content\/uploads\/2021\/05\/ILLU_NouveauLogoBIL-4-16x9.png 16w, https:\/\/www.wormsasbl.org\/wp-content\/uploads\/2021\/05\/ILLU_NouveauLogoBIL-4-279x150.png 279w, https:\/\/www.wormsasbl.org\/wp-content\/uploads\/2021\/05\/ILLU_NouveauLogoBIL-4-224x120.png 224w\" sizes=\"(max-width: 1708px) 100vw, 1708px\" \/><\/figure><div class=\"elementor-image-box-content\"><p class=\"elementor-image-box-description\">Deze opleiding is gefinecierd door <a href=\"https:\/\/leefmilieu.brussels\/blog-burgers\/praktische-tips\/hoe-kan-je-door-composteren-de-inhoud-van-je-vuilniszak-verkleinen-met-deze-gids-zetten-we-je-op-weg\">Leefmilieu Brussel<\/a><\/p><\/div><\/div>\t\t\t\t<\/div>\n\t\t\t\t<\/div>\n\t\t\t\t\t<\/div>\n\t\t<\/div>\n\t\t\t\t\t<\/div>\n\t\t<\/section>\n\t\t\t\t<\/div>\n\t\t","protected":false},"excerpt":{"rendered":"<p>Opleiding: Bokashi composteringstechniek voor binnen en buiten Ontdek in deze opleiding, aangeboden door Leefmilieu Brussel, in 2 uur,\u00a0de Bokashi techniek en leer hoe u thuis al uw keukenafval kunt omvormen [&hellip;]<\/p>\n","protected":false},"author":44,"featured_media":0,"parent":0,"menu_order":0,"comment_status":"closed","ping_status":"closed","template":"","meta":{"_bbp_topic_count":0,"_bbp_reply_count":0,"_bbp_total_topic_count":0,"_bbp_total_reply_count":0,"_bbp_voice_count":0,"_bbp_anonymous_reply_count":0,"_bbp_topic_count_hidden":0,"_bbp_reply_count_hidden":0,"_bbp_forum_subforum_count":0,"site-sidebar-layout":"no-sidebar","site-content-layout":"page-builder","ast-site-content-layout":"default","site-content-style":"default","site-sidebar-style":"default","ast-global-header-display":"","ast-banner-title-visibility":"","ast-main-header-display":"","ast-hfb-above-header-display":"","ast-hfb-below-header-display":"","ast-hfb-mobile-header-display":"","site-post-title":"disabled","ast-breadcrumbs-content":"","ast-featured-img":"disabled","footer-sml-layout":"","ast-disable-related-posts":"","theme-transparent-header-meta":"default","adv-header-id-meta":"","stick-header-meta":"","header-above-stick-meta":"","header-main-stick-meta":"","header-below-stick-meta":"","astra-migrate-meta-layouts":"default","ast-page-background-enabled":"default","ast-page-background-meta":{"desktop":{"background-color":"","background-image":"","background-repeat":"repeat","background-position":"center center","background-size":"auto","background-attachment":"scroll","background-type":"","background-media":"","overlay-type":"","overlay-color":"","overlay-opacity":"","overlay-gradient":""},"tablet":{"background-color":"","background-image":"","background-repeat":"repeat","background-position":"center center","background-size":"auto","background-attachment":"scroll","background-type":"","background-media":"","overlay-type":"","overlay-color":"","overlay-opacity":"","overlay-gradient":""},"mobile":{"background-color":"","background-image":"","background-repeat":"repeat","background-position":"center center","background-size":"auto","background-attachment":"scroll","background-type":"","background-media":"","overlay-type":"","overlay-color":"","overlay-opacity":"","overlay-gradient":""}},"ast-content-background-meta":{"desktop":{"background-color":"var(--ast-global-color-5)","background-image":"","background-repeat":"repeat","background-position":"center center","background-size":"auto","background-attachment":"scroll","background-type":"","background-media":"","overlay-type":"","overlay-color":"","overlay-opacity":"","overlay-gradient":""},"tablet":{"background-color":"var(--ast-global-color-5)","background-image":"","background-repeat":"repeat","background-position":"center center","background-size":"auto","background-attachment":"scroll","background-type":"","background-media":"","overlay-type":"","overlay-color":"","overlay-opacity":"","overlay-gradient":""},"mobile":{"background-color":"var(--ast-global-color-5)","background-image":"","background-repeat":"repeat","background-position":"center center","background-size":"auto","background-attachment":"scroll","background-type":"","background-media":"","overlay-type":"","overlay-color":"","overlay-opacity":"","overlay-gradient":""}},"footnotes":""},"class_list":["post-6386","page","type-page","status-publish","hentry"],"yoast_head":"<!-- This site is optimized with the Yoast SEO plugin v27.5 - https:\/\/yoast.com\/product\/yoast-seo-wordpress\/ -->\n<title>Opleiding: Bokashi | WORMS asbl<\/title>\n<meta name=\"description\" content=\"Afval verminderen wordt steeds populairder, maar hoe pak je dat aan met je leerlingen? Roept het ook enkele vraagtekens bij je op en twijfel je over de haalbaarheid ervan op school?\" \/>\n<meta name=\"robots\" content=\"index, follow, max-snippet:-1, max-image-preview:large, max-video-preview:-1\" \/>\n<link rel=\"canonical\" href=\"https:\/\/www.wormsasbl.org\/formation-bokashi\/\" \/>\n<meta property=\"og:locale\" content=\"nl_NL\" \/>\n<meta property=\"og:type\" content=\"article\" \/>\n<meta property=\"og:title\" content=\"Opleiding: Bokashi | WORMS asbl\" \/>\n<meta property=\"og:description\" content=\"Afval verminderen wordt steeds populairder, maar hoe pak je dat aan met je leerlingen? Roept het ook enkele vraagtekens bij je op en twijfel je over de haalbaarheid ervan op school?\" \/>\n<meta property=\"og:url\" content=\"https:\/\/www.wormsasbl.org\/formation-bokashi\/\" \/>\n<meta property=\"og:site_name\" content=\"WORMS asbl\" \/>\n<meta property=\"article:publisher\" content=\"https:\/\/www.facebook.com\/WORMSasbl\/\" \/>\n<meta property=\"article:modified_time\" content=\"2025-09-10T13:49:43+00:00\" \/>\n<meta property=\"og:image\" content=\"https:\/\/www.wormsasbl.org\/wp-content\/uploads\/2021\/04\/bokashi.jpeg\" \/>\n\t<meta property=\"og:image:width\" content=\"1024\" \/>\n\t<meta property=\"og:image:height\" content=\"683\" \/>\n\t<meta property=\"og:image:type\" content=\"image\/jpeg\" \/>\n<meta name=\"twitter:card\" content=\"summary_large_image\" \/>\n<meta name=\"twitter:label1\" content=\"Geschatte leestijd\" \/>\n\t<meta name=\"twitter:data1\" content=\"2 minuten\" \/>\n<script type=\"application\/ld+json\" class=\"yoast-schema-graph\">{\"@context\":\"https:\\\/\\\/schema.org\",\"@graph\":[{\"@type\":\"WebPage\",\"@id\":\"https:\\\/\\\/www.wormsasbl.org\\\/formation-bokashi\\\/\",\"url\":\"https:\\\/\\\/www.wormsasbl.org\\\/formation-bokashi\\\/\",\"name\":\"Opleiding: Bokashi | WORMS asbl\",\"isPartOf\":{\"@id\":\"https:\\\/\\\/www.wormsasbl.org\\\/#website\"},\"primaryImageOfPage\":{\"@id\":\"https:\\\/\\\/www.wormsasbl.org\\\/formation-bokashi\\\/#primaryimage\"},\"image\":{\"@id\":\"https:\\\/\\\/www.wormsasbl.org\\\/formation-bokashi\\\/#primaryimage\"},\"thumbnailUrl\":\"https:\\\/\\\/www.wormsasbl.org\\\/wp-content\\\/uploads\\\/2021\\\/04\\\/bokashi.jpeg\",\"datePublished\":\"2021-02-16T17:02:37+00:00\",\"dateModified\":\"2025-09-10T13:49:43+00:00\",\"description\":\"Afval verminderen wordt steeds populairder, maar hoe pak je dat aan met je leerlingen? Roept het ook enkele vraagtekens bij je op en twijfel je over de haalbaarheid ervan op school?\",\"breadcrumb\":{\"@id\":\"https:\\\/\\\/www.wormsasbl.org\\\/formation-bokashi\\\/#breadcrumb\"},\"inLanguage\":\"nl-NL\",\"potentialAction\":[{\"@type\":\"ReadAction\",\"target\":[\"https:\\\/\\\/www.wormsasbl.org\\\/formation-bokashi\\\/\"]}]},{\"@type\":\"ImageObject\",\"inLanguage\":\"nl-NL\",\"@id\":\"https:\\\/\\\/www.wormsasbl.org\\\/formation-bokashi\\\/#primaryimage\",\"url\":\"https:\\\/\\\/www.wormsasbl.org\\\/wp-content\\\/uploads\\\/2021\\\/04\\\/bokashi.jpeg\",\"contentUrl\":\"https:\\\/\\\/www.wormsasbl.org\\\/wp-content\\\/uploads\\\/2021\\\/04\\\/bokashi.jpeg\"},{\"@type\":\"BreadcrumbList\",\"@id\":\"https:\\\/\\\/www.wormsasbl.org\\\/formation-bokashi\\\/#breadcrumb\",\"itemListElement\":[{\"@type\":\"ListItem\",\"position\":1,\"name\":\"Accueil\",\"item\":\"https:\\\/\\\/www.wormsasbl.org\\\/\"},{\"@type\":\"ListItem\",\"position\":2,\"name\":\"Opleiding: Bokashi\"}]},{\"@type\":\"WebSite\",\"@id\":\"https:\\\/\\\/www.wormsasbl.org\\\/#website\",\"url\":\"https:\\\/\\\/www.wormsasbl.org\\\/\",\"name\":\"WORMS asbl\",\"description\":\"\u00c0 vos c\u00f4t\u00e9s pour composter\",\"publisher\":{\"@id\":\"https:\\\/\\\/www.wormsasbl.org\\\/#organization\"},\"potentialAction\":[{\"@type\":\"SearchAction\",\"target\":{\"@type\":\"EntryPoint\",\"urlTemplate\":\"https:\\\/\\\/www.wormsasbl.org\\\/?s={search_term_string}\"},\"query-input\":{\"@type\":\"PropertyValueSpecification\",\"valueRequired\":true,\"valueName\":\"search_term_string\"}}],\"inLanguage\":\"nl-NL\"},{\"@type\":\"Organization\",\"@id\":\"https:\\\/\\\/www.wormsasbl.org\\\/#organization\",\"name\":\"WORMS asbl\",\"url\":\"https:\\\/\\\/www.wormsasbl.org\\\/\",\"logo\":{\"@type\":\"ImageObject\",\"inLanguage\":\"nl-NL\",\"@id\":\"https:\\\/\\\/www.wormsasbl.org\\\/#\\\/schema\\\/logo\\\/image\\\/\",\"url\":\"https:\\\/\\\/www.wormsasbl.org\\\/wp-content\\\/uploads\\\/2023\\\/04\\\/Logo-Worms.png\",\"contentUrl\":\"https:\\\/\\\/www.wormsasbl.org\\\/wp-content\\\/uploads\\\/2023\\\/04\\\/Logo-Worms.png\",\"width\":1008,\"height\":258,\"caption\":\"WORMS asbl\"},\"image\":{\"@id\":\"https:\\\/\\\/www.wormsasbl.org\\\/#\\\/schema\\\/logo\\\/image\\\/\"},\"sameAs\":[\"https:\\\/\\\/www.facebook.com\\\/WORMSasbl\\\/\",\"https:\\\/\\\/www.linkedin.com\\\/company\\\/worms-asbl\\\/\",\"https:\\\/\\\/www.youtube.com\\\/user\\\/wormsasbl\"]}]}<\/script>\n<!-- \/ Yoast SEO plugin. -->","yoast_head_json":{"title":"Opleiding: Bokashi | WORMS asbl","description":"Afval verminderen wordt steeds populairder, maar hoe pak je dat aan met je leerlingen? Roept het ook enkele vraagtekens bij je op en twijfel je over de haalbaarheid ervan op school?","robots":{"index":"index","follow":"follow","max-snippet":"max-snippet:-1","max-image-preview":"max-image-preview:large","max-video-preview":"max-video-preview:-1"},"canonical":"https:\/\/www.wormsasbl.org\/formation-bokashi\/","og_locale":"nl_NL","og_type":"article","og_title":"Opleiding: Bokashi | WORMS asbl","og_description":"Afval verminderen wordt steeds populairder, maar hoe pak je dat aan met je leerlingen? Roept het ook enkele vraagtekens bij je op en twijfel je over de haalbaarheid ervan op school?","og_url":"https:\/\/www.wormsasbl.org\/formation-bokashi\/","og_site_name":"WORMS asbl","article_publisher":"https:\/\/www.facebook.com\/WORMSasbl\/","article_modified_time":"2025-09-10T13:49:43+00:00","og_image":[{"width":1024,"height":683,"url":"https:\/\/www.wormsasbl.org\/wp-content\/uploads\/2021\/04\/bokashi.jpeg","type":"image\/jpeg"}],"twitter_card":"summary_large_image","twitter_misc":{"Geschatte leestijd":"2 minuten"},"schema":{"@context":"https:\/\/schema.org","@graph":[{"@type":"WebPage","@id":"https:\/\/www.wormsasbl.org\/formation-bokashi\/","url":"https:\/\/www.wormsasbl.org\/formation-bokashi\/","name":"Opleiding: Bokashi | WORMS asbl","isPartOf":{"@id":"https:\/\/www.wormsasbl.org\/#website"},"primaryImageOfPage":{"@id":"https:\/\/www.wormsasbl.org\/formation-bokashi\/#primaryimage"},"image":{"@id":"https:\/\/www.wormsasbl.org\/formation-bokashi\/#primaryimage"},"thumbnailUrl":"https:\/\/www.wormsasbl.org\/wp-content\/uploads\/2021\/04\/bokashi.jpeg","datePublished":"2021-02-16T17:02:37+00:00","dateModified":"2025-09-10T13:49:43+00:00","description":"Afval verminderen wordt steeds populairder, maar hoe pak je dat aan met je leerlingen? Roept het ook enkele vraagtekens bij je op en twijfel je over de haalbaarheid ervan op school?","breadcrumb":{"@id":"https:\/\/www.wormsasbl.org\/formation-bokashi\/#breadcrumb"},"inLanguage":"nl-NL","potentialAction":[{"@type":"ReadAction","target":["https:\/\/www.wormsasbl.org\/formation-bokashi\/"]}]},{"@type":"ImageObject","inLanguage":"nl-NL","@id":"https:\/\/www.wormsasbl.org\/formation-bokashi\/#primaryimage","url":"https:\/\/www.wormsasbl.org\/wp-content\/uploads\/2021\/04\/bokashi.jpeg","contentUrl":"https:\/\/www.wormsasbl.org\/wp-content\/uploads\/2021\/04\/bokashi.jpeg"},{"@type":"BreadcrumbList","@id":"https:\/\/www.wormsasbl.org\/formation-bokashi\/#breadcrumb","itemListElement":[{"@type":"ListItem","position":1,"name":"Accueil","item":"https:\/\/www.wormsasbl.org\/"},{"@type":"ListItem","position":2,"name":"Opleiding: Bokashi"}]},{"@type":"WebSite","@id":"https:\/\/www.wormsasbl.org\/#website","url":"https:\/\/www.wormsasbl.org\/","name":"WORMS asbl","description":"\u00c0 vos c\u00f4t\u00e9s pour composter","publisher":{"@id":"https:\/\/www.wormsasbl.org\/#organization"},"potentialAction":[{"@type":"SearchAction","target":{"@type":"EntryPoint","urlTemplate":"https:\/\/www.wormsasbl.org\/?s={search_term_string}"},"query-input":{"@type":"PropertyValueSpecification","valueRequired":true,"valueName":"search_term_string"}}],"inLanguage":"nl-NL"},{"@type":"Organization","@id":"https:\/\/www.wormsasbl.org\/#organization","name":"WORMS asbl","url":"https:\/\/www.wormsasbl.org\/","logo":{"@type":"ImageObject","inLanguage":"nl-NL","@id":"https:\/\/www.wormsasbl.org\/#\/schema\/logo\/image\/","url":"https:\/\/www.wormsasbl.org\/wp-content\/uploads\/2023\/04\/Logo-Worms.png","contentUrl":"https:\/\/www.wormsasbl.org\/wp-content\/uploads\/2023\/04\/Logo-Worms.png","width":1008,"height":258,"caption":"WORMS asbl"},"image":{"@id":"https:\/\/www.wormsasbl.org\/#\/schema\/logo\/image\/"},"sameAs":["https:\/\/www.facebook.com\/WORMSasbl\/","https:\/\/www.linkedin.com\/company\/worms-asbl\/","https:\/\/www.youtube.com\/user\/wormsasbl"]}]}},"_links":{"self":[{"href":"https:\/\/www.wormsasbl.org\/nl\/wp-json\/wp\/v2\/pages\/6386","targetHints":{"allow":["GET"]}}],"collection":[{"href":"https:\/\/www.wormsasbl.org\/nl\/wp-json\/wp\/v2\/pages"}],"about":[{"href":"https:\/\/www.wormsasbl.org\/nl\/wp-json\/wp\/v2\/types\/page"}],"author":[{"embeddable":true,"href":"https:\/\/www.wormsasbl.org\/nl\/wp-json\/wp\/v2\/users\/44"}],"replies":[{"embeddable":true,"href":"https:\/\/www.wormsasbl.org\/nl\/wp-json\/wp\/v2\/comments?post=6386"}],"version-history":[{"count":3,"href":"https:\/\/www.wormsasbl.org\/nl\/wp-json\/wp\/v2\/pages\/6386\/revisions"}],"predecessor-version":[{"id":32547,"href":"https:\/\/www.wormsasbl.org\/nl\/wp-json\/wp\/v2\/pages\/6386\/revisions\/32547"}],"wp:attachment":[{"href":"https:\/\/www.wormsasbl.org\/nl\/wp-json\/wp\/v2\/media?parent=6386"}],"curies":[{"name":"wp","href":"https:\/\/api.w.org\/{rel}","templated":true}]}}